{"id":59694,"date":"2025-10-12T13:53:34","date_gmt":"2025-10-12T13:53:34","guid":{"rendered":"https:\/\/7siff.com\/?page_id=59694"},"modified":"2025-10-27T13:54:10","modified_gmt":"2025-10-27T13:54:10","slug":"ganadoras-2025","status":"publish","type":"page","link":"https:\/\/7siff.com\/en\/ganadoras-2025\/","title":{"rendered":"Ganadoras 2025"},"content":{"rendered":"<div class=\"vc_row wpb_row vc_row-fluid\"><div class=\"wpb_column vc_column_container vc_col-sm-12\"><div class=\"vc_column-inner\"><div class=\"wpb_wrapper\">\n\t<div  class=\"wpb_single_image wpb_content_element vc_align_left\">\n\t\t\n\t\t<figure class=\"wpb_wrapper vc_figure\">\n\t\t\t<div class=\"vc_single_image-wrapper   vc_box_border_grey\"><img loading=\"lazy\" decoding=\"async\" width=\"2108\" height=\"572\" src=\"https:\/\/7siff.com\/wp-content\/uploads\/2025\/10\/ganadoras25.png\" class=\"vc_single_image-img attachment-full\" alt=\"\" title=\"ganadoras25\" srcset=\"https:\/\/7siff.com\/wp-content\/uploads\/2025\/10\/ganadoras25.png 2108w, https:\/\/7siff.com\/wp-content\/uploads\/2025\/10\/ganadoras25-300x81.png 300w, https:\/\/7siff.com\/wp-content\/uploads\/2025\/10\/ganadoras25-1024x278.png 1024w, https:\/\/7siff.com\/wp-content\/uploads\/2025\/10\/ganadoras25-768x208.png 768w, https:\/\/7siff.com\/wp-content\/uploads\/2025\/10\/ganadoras25-1536x417.png 1536w, https:\/\/7siff.com\/wp-content\/uploads\/2025\/10\/ganadoras25-2048x556.png 2048w, https:\/\/7siff.com\/wp-content\/uploads\/2025\/10\/ganadoras25-18x5.png 18w\" sizes=\"(max-width: 2108px) 100vw, 2108px\"  data-dt-location=\"https:\/\/7siff.com\/en\/ganadoras-2025\/ganadoras25\/\" \/><\/div>\n\t\t<\/figure>\n\t<\/div>\n<\/div><\/div><\/div><\/div><div class=\"vc_row wpb_row vc_row-fluid\"><div class=\"wpb_column vc_column_container vc_col-sm-3\"><div class=\"vc_column-inner\"><div class=\"wpb_wrapper\"><\/div><\/div><\/div><div class=\"wpb_column vc_column_container vc_col-sm-6\"><div class=\"vc_column-inner\"><div class=\"wpb_wrapper\"><div id=\"ultimate-heading-503669e07745c82bb\" class=\"uvc-heading ult-adjust-bottom-margin ultimate-heading-503669e07745c82bb uvc-7195  uvc-heading-default-font-sizes\" data-hspacer=\"no_spacer\"  data-halign=\"center\" style=\"text-align:center\"><div class=\"uvc-heading-spacer no_spacer\" style=\"top\"><\/div><div class=\"uvc-main-heading ult-responsive\"  data-ultimate-target='.uvc-heading.ultimate-heading-503669e07745c82bb h2'  data-responsive-json-new='{\"font-size\":\"\",\"line-height\":\"\"}' ><h2 style=\"--font-weight:theme;\">Conoc\u00e9 todas las pel\u00edculas ganadoras de 7SIFF 2025<\/h2><\/div><\/div><div class=\"ult-spacer spacer-69e07745c8323\" data-id=\"69e07745c8323\" data-height=\"\" data-height-mobile=\"\" data-height-tab=\"\" data-height-tab-portrait=\"\" data-height-mobile-landscape=\"\" style=\"clear:both;display:block;\"><\/div><\/div><\/div><\/div><div class=\"wpb_column vc_column_container vc_col-sm-3\"><div class=\"vc_column-inner\"><div class=\"wpb_wrapper\"><\/div><\/div><\/div><\/div><div class=\"vc_row wpb_row vc_row-fluid vc_custom_1760277264129 vc_row-has-fill\"><div class=\"wpb_column vc_column_container vc_col-sm-3\"><div class=\"vc_column-inner\"><div class=\"wpb_wrapper\"><\/div><\/div><\/div><div class=\"wpb_column vc_column_container vc_col-sm-6\"><div class=\"vc_column-inner\"><div class=\"wpb_wrapper\">\n\t<div class=\"wpb_text_column wpb_content_element\" >\n\t\t<div class=\"wpb_wrapper\">\n\t\t\t<p>&nbsp;<\/p>\n<p style=\"text-align: center;\"><strong>will get<\/strong><\/p>\n<p style=\"text-align: center;\"><span style=\"font-weight: 400;\">Susto<\/span><\/p>\n<p style=\"text-align: center;\"><span style=\"font-weight: 400;\">Ezequiel Rossi<\/span><\/p>\n<p style=\"text-align: center;\"><span style=\"font-weight: 400;\">Argentina<\/span><\/p>\n<p style=\"text-align: center;\">&nbsp;<\/p>\n<p style=\"text-align: center;\"><strong>MEJOR PEL\u00cdCULA ARGENTINA<\/strong><\/p>\n<p style=\"text-align: center;\"><span style=\"font-weight: 400;\">Susto<\/span><\/p>\n<p style=\"text-align: center;\"><span style=\"font-weight: 400;\">Ezequiel Rossi<\/span><\/p>\n<p style=\"text-align: center;\"><span style=\"font-weight: 400;\">Argentina<\/span><\/p>\n<p style=\"text-align: center;\">&nbsp;<\/p>\n<p style=\"text-align: center;\"><strong>MEJOR PEL\u00cdCULA EXTRANJERA<\/strong><\/p>\n<p style=\"text-align: center;\"><span style=\"font-weight: 400;\">En mi \u00e9poca<\/span><\/p>\n<p style=\"text-align: center;\"><span style=\"font-weight: 400;\">Jesus Antonio Delsalto Acosta, Milton Pilco<\/span><\/p>\n<p style=\"text-align: center;\"><span style=\"font-weight: 400;\">Ecuador<\/span><\/p>\n<p style=\"text-align: center;\">&nbsp;<\/p>\n<p style=\"text-align: center;\"><strong>MEJOR PEL\u00cdCULA ESTUDIANTIL<\/strong><\/p>\n<p style=\"text-align: center;\"><span style=\"font-weight: 400;\">Arrebato de amor<\/span><\/p>\n<p style=\"text-align: center;\"><span style=\"font-weight: 400;\">Mora Virginia L\u00f3pez Cabrera<\/span><\/p>\n<p style=\"text-align: center;\"><span style=\"font-weight: 400;\">Argentina<\/span><\/p>\n<p style=\"text-align: center;\">&nbsp;<\/p>\n<p style=\"text-align: center;\"><strong>2da MEJOR PEL\u00cdCULA ESTUDIANTIL<\/strong><\/p>\n<p style=\"text-align: center;\"><span style=\"font-weight: 400;\">Amar como en el cine<\/span><\/p>\n<p style=\"text-align: center;\"><span style=\"font-weight: 400;\">Sofia M. Chedid<\/span><\/p>\n<p style=\"text-align: center;\"><span style=\"font-weight: 400;\">Argentina<\/span><\/p>\n<p style=\"text-align: center;\">&nbsp;<\/p>\n<p style=\"text-align: center;\"><strong>LA PREFE BY FLIXXO<\/strong><\/p>\n<p style=\"text-align: center;\"><span style=\"font-weight: 400;\">\u00bfY ahora qu\u00e9?<\/span><\/p>\n<p style=\"text-align: center;\"><span style=\"font-weight: 400;\">Guadalupe Casari<\/span><\/p>\n<p style=\"text-align: center;\"><span style=\"font-weight: 400;\">Argentina<\/span><\/p>\n<p style=\"text-align: center;\">&nbsp;<\/p>\n<p style=\"text-align: center;\"><strong>MEJOR DIRECCI\u00d3N<\/strong><\/p>\n<p style=\"text-align: center;\"><span style=\"font-weight: 400;\">Arrebato de amor<\/span><\/p>\n<p style=\"text-align: center;\"><span style=\"font-weight: 400;\">Mora Virginia L\u00f3pez Cabrera<\/span><\/p>\n<p style=\"text-align: center;\"><span style=\"font-weight: 400;\">Argentina<\/span><\/p>\n<p style=\"text-align: center;\">&nbsp;<\/p>\n<p style=\"text-align: center;\"><strong>MEJOR PRODUCCI\u00d3N<\/strong><\/p>\n<p style=\"text-align: center;\"><span style=\"font-weight: 400;\">El hurto<\/span><\/p>\n<p style=\"text-align: center;\"><span style=\"font-weight: 400;\">Mariano C\u00f3colo, Joaqu\u00edn Insua<\/span><\/p>\n<p style=\"text-align: center;\"><span style=\"font-weight: 400;\">Argentin<\/span><\/p>\n<p style=\"text-align: center;\">&nbsp;<\/p>\n<p style=\"text-align: center;\"><strong>MENCI\u00d3N ESPECIAL PRODUCCI\u00d3N<\/strong><\/p>\n<p style=\"text-align: center;\"><span style=\"font-weight: 400;\">2025 D.C.<\/span><\/p>\n<p style=\"text-align: center;\"><span style=\"font-weight: 400;\">David Daniel Cort\u00e9s S\u00e1ez<\/span><\/p>\n<p style=\"text-align: center;\"><span style=\"font-weight: 400;\">Puerto Rico<\/span><\/p>\n<p style=\"text-align: center;\">&nbsp;<\/p>\n<p style=\"text-align: center;\"><strong>MEJOR FOTOGRAF\u00cdA<\/strong><\/p>\n<p style=\"text-align: center;\"><span style=\"font-weight: 400;\">Susto<\/span><\/p>\n<p style=\"text-align: center;\"><span style=\"font-weight: 400;\">Ezequiel Rossi<\/span><\/p>\n<p style=\"text-align: center;\"><span style=\"font-weight: 400;\">Argentina<\/span><\/p>\n<p style=\"text-align: center;\">&nbsp;<\/p>\n<p style=\"text-align: center;\"><strong>MEJOR MONTAJE<\/strong><\/p>\n<p style=\"text-align: center;\"><span style=\"font-weight: 400;\">Kazoku<\/span><\/p>\n<p style=\"text-align: center;\"><span style=\"font-weight: 400;\">Jorge Armando Mart\u00ednez<\/span><\/p>\n<p style=\"text-align: center;\"><span style=\"font-weight: 400;\">M\u00e9xico<\/span><\/p>\n<p>&nbsp;<\/p>\n<p style=\"text-align: center;\"><strong>MEJOT GUI\u00d3N<\/strong><\/p>\n<p style=\"text-align: center;\"><span style=\"font-weight: 400;\">M\u00e1s perdido que\u2026<\/span><\/p>\n<p style=\"text-align: center;\"><span style=\"font-weight: 400;\">Gianfranco Gabriel Garrone, Mateo Choy<\/span><\/p>\n<p style=\"text-align: center;\"><span style=\"font-weight: 400;\">Argentina<\/span><\/p>\n<p>&nbsp;<\/p>\n<p style=\"text-align: center;\"><strong>MEJOR EDICI\u00d3N SONIDO<\/strong><\/p>\n<p style=\"text-align: center;\"><span style=\"font-weight: 400;\">Susto<\/span><\/p>\n<p style=\"text-align: center;\"><span style=\"font-weight: 400;\">Ezequiel Rossi<\/span><\/p>\n<p style=\"text-align: center;\"><span style=\"font-weight: 400;\">Argentina<\/span><\/p>\n<p style=\"text-align: center;\">&nbsp;<\/p>\n<p style=\"text-align: center;\"><strong>MEJOR DIRECCI\u00d3N DE ARTE<\/strong><\/p>\n<p style=\"text-align: center;\"><span style=\"font-weight: 400;\">En mi \u00e9poca<\/span><\/p>\n<p style=\"text-align: center;\"><span style=\"font-weight: 400;\">Jesus Antonio Delsalto Acosta, Milton Pilco<\/span><\/p>\n<p style=\"text-align: center;\"><span style=\"font-weight: 400;\">Ecuador<\/span><\/p>\n<p style=\"text-align: center;\">&nbsp;<\/p>\n<p style=\"text-align: center;\"><strong>1\u00ba PREMIO BLACKMAGIC<\/strong><\/p>\n<p style=\"text-align: center;\"><span style=\"font-weight: 400;\">Arrebato de amor<\/span><\/p>\n<p style=\"text-align: center;\"><span style=\"font-weight: 400;\">Mora Virginia L\u00f3pez Cabrera<\/span><\/p>\n<p style=\"text-align: center;\"><span style=\"font-weight: 400;\">Argentina<\/span><\/p>\n<p style=\"text-align: center;\">&nbsp;<\/p>\n<p style=\"text-align: center;\"><strong>2\u00ba PREMIO BLACKMAGIC<\/strong><\/p>\n<p style=\"text-align: center;\"><span style=\"font-weight: 400;\">Mal de ojo<\/span><\/p>\n<p style=\"text-align: center;\"><span style=\"font-weight: 400;\">Leonardo L\u00f3pez<\/span><\/p>\n<p style=\"text-align: center;\"><span style=\"font-weight: 400;\">M\u00e9xico<\/span><\/p>\n<p style=\"text-align: center;\">&nbsp;<\/p>\n<p style=\"text-align: center;\"><strong>MENCI\u00d3N ESPECIAL BLACKMAGIC<\/strong><\/p>\n<p style=\"text-align: center;\"><span style=\"font-weight: 400;\">Mi primer amor<\/span><\/p>\n<p style=\"text-align: center;\"><span style=\"font-weight: 400;\">Sharys Melissa G\u00f3mez<\/span><\/p>\n<p style=\"text-align: center;\"><span style=\"font-weight: 400;\">M\u00e9xico<\/span><\/p>\n<p style=\"text-align: center;\">&nbsp;<\/p>\n<p style=\"text-align: center;\"><strong>2da MENCI\u00d3N ESPECIAL BLACKMAGIC<\/strong><\/p>\n<p style=\"text-align: center;\"><span style=\"font-weight: 400;\">Soldaditos<\/span><\/p>\n<p style=\"text-align: center;\"><span style=\"font-weight: 400;\">Omar S\u00e1nchez&nbsp; Moreno<\/span><\/p>\n<p style=\"text-align: center;\"><span style=\"font-weight: 400;\">M\u00e9xico<\/span><\/p>\n<p style=\"text-align: center;\">&nbsp;<\/p>\n<p style=\"text-align: center;\"><strong>PREMIO KYROS<\/strong><\/p>\n<p style=\"text-align: center;\"><span style=\"font-weight: 400;\">Drama queen<\/span><\/p>\n<p style=\"text-align: center;\"><span style=\"font-weight: 400;\">Agus Rittel<\/span><\/p>\n<p style=\"text-align: center;\"><span style=\"font-weight: 400;\">Argentina<\/span><\/p>\n<p style=\"text-align: center;\">&nbsp;<\/p>\n<p style=\"text-align: center;\"><strong>MENCI\u00d3N THRILLER<\/strong><\/p>\n<p style=\"text-align: center;\"><span style=\"font-weight: 400;\">Intrusa<\/span><\/p>\n<p style=\"text-align: center;\"><span style=\"font-weight: 400;\">Gabriela Bordagorry<\/span><\/p>\n<p style=\"text-align: center;\"><span style=\"font-weight: 400;\">Uruguay<\/span><\/p>\n<p style=\"text-align: center;\">&nbsp;<\/p>\n<p style=\"text-align: center;\"><strong>MENCI\u00d3N TERROR<\/strong><\/p>\n<p style=\"text-align: center;\"><span style=\"font-weight: 400;\">Tres<\/span><\/p>\n<p style=\"text-align: center;\"><span style=\"font-weight: 400;\">Irina Parolo<\/span><\/p>\n<p style=\"text-align: center;\"><span style=\"font-weight: 400;\">Argentina<\/span><\/p>\n<p style=\"text-align: center;\">&nbsp;<\/p>\n<p style=\"text-align: center;\"><strong>MENCI\u00d3N COMEDIA<\/strong><\/p>\n<p style=\"text-align: center;\"><span style=\"font-weight: 400;\">Luces<\/span><\/p>\n<p style=\"text-align: center;\"><span style=\"font-weight: 400;\">Efrem Velasco<\/span><\/p>\n<p style=\"text-align: center;\"><span style=\"font-weight: 400;\">Argentina<\/span><\/p>\n<p style=\"text-align: center;\">&nbsp;<\/p>\n<p style=\"text-align: center;\"><strong>2\u00ba MENCI\u00d3N COMEDIA<\/strong><\/p>\n<p style=\"text-align: center;\"><span style=\"font-weight: 400;\">Spoiler 1998<\/span><\/p>\n<p style=\"text-align: center;\"><span style=\"font-weight: 400;\">Octavio Simo<\/span><\/p>\n<p style=\"text-align: center;\"><span style=\"font-weight: 400;\">Argentina<\/span><\/p>\n<p style=\"text-align: center;\">&nbsp;<\/p>\n<p style=\"text-align: center;\"><strong>MENCI\u00d3N DRAMA<\/strong><\/p>\n<p style=\"text-align: center;\"><span style=\"font-weight: 400;\">Vida<\/span><\/p>\n<p style=\"text-align: center;\"><span style=\"font-weight: 400;\">Francisco Jos\u00e9 Pineda<\/span><\/p>\n<p style=\"text-align: center;\"><span style=\"font-weight: 400;\">Espa\u00f1a<\/span><\/p>\n<p style=\"text-align: center;\">&nbsp;<\/p>\n<p style=\"text-align: center;\"><strong>MENCI\u00d3N ROM\u00c1NTICA<\/strong><\/p>\n<p style=\"text-align: center;\"><span style=\"font-weight: 400;\">Amar como en el cine<\/span><\/p>\n<p style=\"text-align: center;\"><span style=\"font-weight: 400;\">Sofia M. Chedid<\/span><\/p>\n<p style=\"text-align: center;\"><span style=\"font-weight: 400;\">Argentina<\/span><\/p>\n<p style=\"text-align: center;\">&nbsp;<\/p>\n<p style=\"text-align: center;\"><strong>MENCI\u00d3N ACCI\u00d3N<\/strong><\/p>\n<p style=\"text-align: center;\"><span style=\"font-weight: 400;\">Kazoku<\/span><\/p>\n<p style=\"text-align: center;\"><span style=\"font-weight: 400;\">Jorge Armando Mart\u00ednez<\/span><\/p>\n<p style=\"text-align: center;\"><span style=\"font-weight: 400;\">M\u00e9xico<\/span><\/p>\n<p style=\"text-align: center;\">&nbsp;<\/p>\n<p style=\"text-align: center;\"><strong>MENCI\u00d3N STOP MOTION<\/strong><\/p>\n<p style=\"text-align: center;\"><span style=\"font-weight: 400;\">Escucho un monstruo abajo de la cama<\/span><\/p>\n<p style=\"text-align: center;\"><span style=\"font-weight: 400;\">Lucas Subirats<\/span><\/p>\n<p style=\"text-align: center;\"><span style=\"font-weight: 400;\">Argentina<\/span><\/p>\n<p style=\"text-align: center;\">&nbsp;<\/p>\n<p style=\"text-align: center;\"><strong>MENCI\u00d3N ANIMACI\u00d3N<\/strong><\/p>\n<p style=\"text-align: center;\"><span style=\"font-weight: 400;\">La cena<\/span><\/p>\n<p style=\"text-align: center;\"><span style=\"font-weight: 400;\">Iv\u00e1n Alejandro Acosta Chacoff<\/span><\/p>\n<p style=\"text-align: center;\"><span style=\"font-weight: 400;\">Chile<\/span><\/p>\n<p style=\"text-align: center;\">&nbsp;<\/p>\n<p style=\"text-align: center;\"><strong>2\u00ba MENCI\u00d3N ANIMACI\u00d3N<\/strong><\/p>\n<p style=\"text-align: center;\"><span style=\"font-weight: 400;\">Pasteles<\/span><\/p>\n<p style=\"text-align: center;\"><span style=\"font-weight: 400;\">Jacqui Baffico<\/span><\/p>\n<p style=\"text-align: center;\"><span style=\"font-weight: 400;\">Argentina<\/span><\/p>\n<p style=\"text-align: center;\">&nbsp;<\/p>\n<p style=\"text-align: center;\"><strong>MENCI\u00d3N CIENCIA FICCI\u00d3N<\/strong><\/p>\n<p style=\"text-align: center;\"><span style=\"font-weight: 400;\">Un mundo nuevo<\/span><\/p>\n<p style=\"text-align: center;\"><span style=\"font-weight: 400;\">Alejo R\u00e9bora<\/span><\/p>\n<p style=\"text-align: center;\"><span style=\"font-weight: 400;\">Argentina<\/span><\/p>\n<p style=\"text-align: center;\">&nbsp;<\/p>\n<p style=\"text-align: center;\"><strong>MENCI\u00d3N DOCUMENTAL<\/strong><\/p>\n<p style=\"text-align: center;\"><span style=\"font-weight: 400;\">Rep\u00fablica de Warnes<\/span><\/p>\n<p style=\"text-align: center;\"><span style=\"font-weight: 400;\">Juan Jose Jose Esquivel, Jeronimo Miranda<\/span><\/p>\n<p style=\"text-align: center;\"><span style=\"font-weight: 400;\">Argentina<\/span><\/p>\n<p style=\"text-align: center;\">&nbsp;<\/p>\n<p style=\"text-align: center;\"><strong>MENCI\u00d3N SUSPENSO<\/strong><\/p>\n<p style=\"text-align: center;\"><span style=\"font-weight: 400;\">\u00daltimo a\u00f1o<\/span><\/p>\n<p style=\"text-align: center;\"><span style=\"font-weight: 400;\">Arturo Encina<\/span><\/p>\n<p style=\"text-align: center;\"><span style=\"font-weight: 400;\">Paraguay<\/span><\/p>\n<p style=\"text-align: center;\">&nbsp;<\/p>\n<p style=\"text-align: center;\"><strong>MENCI\u00d3N EXPERIMENTAL<\/strong><\/p>\n<p style=\"text-align: center;\"><span style=\"font-weight: 400;\">Alcurnia<\/span><\/p>\n<p style=\"text-align: center;\"><span style=\"font-weight: 400;\">Juli\u00e1n Wolansky<\/span><\/p>\n<p style=\"text-align: center;\"><span style=\"font-weight: 400;\">Argentina<\/span><\/p>\n<p style=\"text-align: center;\">&nbsp;<\/p>\n<p style=\"text-align: center;\"><strong>MENCI\u00d3N HOMENAJE AL CINE<\/strong><\/p>\n<p style=\"text-align: center;\"><span style=\"font-weight: 400;\">Combo asesino<\/span><\/p>\n<p style=\"text-align: center;\"><span style=\"font-weight: 400;\">Alfonso Lopez, Bautista Galindez<\/span><\/p>\n<p style=\"text-align: center;\"><span style=\"font-weight: 400;\">Argentina<\/span><\/p>\n<p style=\"text-align: center;\">&nbsp;<\/p>\n<p style=\"text-align: center;\"><strong>MENCI\u00d3N POLICIAL<\/strong><\/p>\n<p style=\"text-align: center;\"><span style=\"font-weight: 400;\">De amor nadie se muere<\/span><\/p>\n<p style=\"text-align: center;\"><span style=\"font-weight: 400;\">Juan Carlos Alvarez, Franccesco Caballero, Danna Rayo<\/span><\/p>\n<p style=\"text-align: center;\"><span style=\"font-weight: 400;\">Per\u00fa<\/span><\/p>\n<p style=\"text-align: center;\">&nbsp;<\/p>\n<p style=\"text-align: center;\"><strong>MENCI\u00d3N CINE FANT\u00c1STICO<\/strong><\/p>\n<p style=\"text-align: center;\"><span style=\"font-weight: 400;\">Familiar<\/span><\/p>\n<p style=\"text-align: center;\"><span style=\"font-weight: 400;\">Solana Agustina Carlevaris, Matias Minahk<\/span><\/p>\n<p style=\"text-align: center;\"><span style=\"font-weight: 400;\">Argentina<\/span><\/p>\n<p style=\"text-align: center;\">&nbsp;<\/p>\n<p style=\"text-align: center;\"><strong>MENCI\u00d3N PLANO SECUENCIA<\/strong><\/p>\n<p style=\"text-align: center;\"><span style=\"font-weight: 400;\">Tel\u00e9fono<\/span><\/p>\n<p style=\"text-align: center;\"><span style=\"font-weight: 400;\">Tomas Sivori<\/span><\/p>\n<p style=\"text-align: center;\"><span style=\"font-weight: 400;\">Argentina<\/span><\/p>\n<p style=\"text-align: center;\">&nbsp;<\/p>\n<p style=\"text-align: center;\"><strong>MENCI\u00d3N VESTUARIO<\/strong><\/p>\n<p style=\"text-align: center;\"><span style=\"font-weight: 400;\">M\u00e1s perdido que\u2026<\/span><\/p>\n<p style=\"text-align: center;\"><span style=\"font-weight: 400;\">Gianfranco Gabriel Garrone, Mateo Choy<\/span><\/p>\n<p style=\"text-align: center;\"><span style=\"font-weight: 400;\">Argentina<\/span><\/p>\n<p style=\"text-align: center;\">&nbsp;<\/p>\n<p style=\"text-align: center;\"><strong>MENCI\u00d3N ZOMBIES<\/strong><\/p>\n<p style=\"text-align: center;\"><span style=\"font-weight: 400;\">The working dead<\/span><\/p>\n<p style=\"text-align: center;\"><span style=\"font-weight: 400;\">Mariano Sebastian Diaz<\/span><\/p>\n<p style=\"text-align: center;\"><span style=\"font-weight: 400;\">Argentina<\/span><\/p>\n<p style=\"text-align: center;\">&nbsp;<\/p>\n<p style=\"text-align: center;\"><strong>MENCI\u00d3N ACTUACI\u00d3N FEMENINA<\/strong><\/p>\n<p style=\"text-align: center;\"><span style=\"font-weight: 400;\">N\u00famero de hijos<\/span><\/p>\n<p style=\"text-align: center;\"><span style=\"font-weight: 400;\">Marisa Rom\u00e1n<\/span><\/p>\n<p style=\"text-align: center;\"><span style=\"font-weight: 400;\">Venezuela<\/span><\/p>\n<p style=\"text-align: center;\">&nbsp;<\/p>\n<p style=\"text-align: center;\"><strong>MENCI\u00d3N ACTUACI\u00d3N INFANTIL<\/strong><\/p>\n<p style=\"text-align: center;\"><span style=\"font-weight: 400;\">Inocencia interrumpida<\/span><\/p>\n<p style=\"text-align: center;\"><span style=\"font-weight: 400;\">Francesca Encalada<\/span><\/p>\n<p style=\"text-align: center;\"><span style=\"font-weight: 400;\">Argentin<\/span><\/p>\n<p style=\"text-align: center;\">&nbsp;<\/p>\n<p style=\"text-align: center;\"><strong>MENCI\u00d3N ACTUACI\u00d3N MASCULINA<\/strong><\/p>\n<p style=\"text-align: center;\"><span style=\"font-weight: 400;\">Luces<\/span><\/p>\n<p style=\"text-align: center;\"><span style=\"font-weight: 400;\">Federico Pastur<\/span><\/p>\n<p style=\"text-align: center;\"><span style=\"font-weight: 400;\">Argentina<\/span><\/p>\n<p style=\"text-align: center;\">&nbsp;<\/p>\n\n\t\t<\/div>\n\t<\/div>\n<\/div><\/div><\/div><div class=\"wpb_column vc_column_container vc_col-sm-3\"><div class=\"vc_column-inner\"><div class=\"wpb_wrapper\"><\/div><\/div><\/div><\/div>","protected":false},"excerpt":{"rendered":"<p>Conoc\u00e9 todas las pel\u00edculas ganadoras de 7SIFF 2025 &nbsp; GRAND PRIX Susto Ezequiel Rossi Argentina &nbsp; MEJOR PEL\u00cdCULA ARGENTINA Susto Ezequiel Rossi Argentina &nbsp; MEJOR PEL\u00cdCULA EXTRANJERA En mi \u00e9poca&hellip;<\/p>","protected":false},"author":2,"featured_media":0,"parent":0,"menu_order":0,"comment_status":"closed","ping_status":"closed","template":"","meta":{"om_disable_all_campaigns":false,"_monsterinsights_skip_tracking":false,"_monsterinsights_sitenote_active":false,"_monsterinsights_sitenote_note":"","_monsterinsights_sitenote_category":0,"ngg_post_thumbnail":0,"footnotes":""},"class_list":["post-59694","page","type-page","status-publish","hentry","description-off"],"aioseo_notices":[],"_links":{"self":[{"href":"https:\/\/7siff.com\/en\/wp-json\/wp\/v2\/pages\/59694"}],"collection":[{"href":"https:\/\/7siff.com\/en\/wp-json\/wp\/v2\/pages"}],"about":[{"href":"https:\/\/7siff.com\/en\/wp-json\/wp\/v2\/types\/page"}],"author":[{"embeddable":true,"href":"https:\/\/7siff.com\/en\/wp-json\/wp\/v2\/users\/2"}],"replies":[{"embeddable":true,"href":"https:\/\/7siff.com\/en\/wp-json\/wp\/v2\/comments?post=59694"}],"version-history":[{"count":8,"href":"https:\/\/7siff.com\/en\/wp-json\/wp\/v2\/pages\/59694\/revisions"}],"predecessor-version":[{"id":59722,"href":"https:\/\/7siff.com\/en\/wp-json\/wp\/v2\/pages\/59694\/revisions\/59722"}],"wp:attachment":[{"href":"https:\/\/7siff.com\/en\/wp-json\/wp\/v2\/media?parent=59694"}],"curies":[{"name":"wp","href":"https:\/\/api.w.org\/{rel}","templated":true}]}}