{"id":59168,"date":"2024-05-03T02:18:11","date_gmt":"2024-05-03T02:18:11","guid":{"rendered":"https:\/\/7siff.com\/?page_id=59168"},"modified":"2025-06-18T00:10:25","modified_gmt":"2025-06-18T00:10:25","slug":"jurado","status":"publish","type":"page","link":"https:\/\/7siff.com\/en\/jurado\/","title":{"rendered":"Jury"},"content":{"rendered":"<div data-vc-full-width=\"true\" data-vc-full-width-init=\"false\" data-vc-stretch-content=\"true\" class=\"vc_row wpb_row vc_row-fluid vc_custom_1714701421299 vc_row-o-content-top vc_row-flex\"><div class=\"wpb_column vc_column_container vc_col-sm-1\/5\"><div class=\"vc_column-inner\"><div class=\"wpb_wrapper\"><\/div><\/div><\/div><div class=\"wpb_column vc_column_container vc_col-sm-1\/5\"><div class=\"vc_column-inner\"><div class=\"wpb_wrapper\">\n\t<div  class=\"wpb_single_image wpb_content_element vc_align_center\">\n\t\t\n\t\t<figure class=\"wpb_wrapper vc_figure\">\n\t\t\t<div class=\"vc_single_image-wrapper vc_box_shadow_3d  vc_box_border_grey\"><img loading=\"lazy\" decoding=\"async\" width=\"2560\" height=\"2560\" src=\"https:\/\/7siff.com\/wp-content\/uploads\/2025\/06\/Agustina-Vivero-Ruido-copia-scaled.jpg\" class=\"vc_single_image-img attachment-full\" alt=\"\" title=\"Agustina Vivero - Ruido copia\" srcset=\"https:\/\/7siff.com\/wp-content\/uploads\/2025\/06\/Agustina-Vivero-Ruido-copia-scaled.jpg 2560w, https:\/\/7siff.com\/wp-content\/uploads\/2025\/06\/Agustina-Vivero-Ruido-copia-300x300.jpg 300w, https:\/\/7siff.com\/wp-content\/uploads\/2025\/06\/Agustina-Vivero-Ruido-copia-1024x1024.jpg 1024w, https:\/\/7siff.com\/wp-content\/uploads\/2025\/06\/Agustina-Vivero-Ruido-copia-150x150.jpg 150w, https:\/\/7siff.com\/wp-content\/uploads\/2025\/06\/Agustina-Vivero-Ruido-copia-768x768.jpg 768w, https:\/\/7siff.com\/wp-content\/uploads\/2025\/06\/Agustina-Vivero-Ruido-copia-1536x1536.jpg 1536w, https:\/\/7siff.com\/wp-content\/uploads\/2025\/06\/Agustina-Vivero-Ruido-copia-2048x2048.jpg 2048w, https:\/\/7siff.com\/wp-content\/uploads\/2025\/06\/Agustina-Vivero-Ruido-copia-12x12.jpg 12w\" sizes=\"(max-width: 2560px) 100vw, 2560px\"  data-dt-location=\"https:\/\/7siff.com\/en\/jurado\/agustina-vivero-ruido-copia\/\" \/><\/div>\n\t\t<\/figure>\n\t<\/div>\n<div id=\"ultimate-heading-17469dafc83a884a\" class=\"uvc-heading ult-adjust-bottom-margin ultimate-heading-17469dafc83a884a uvc-4777\" data-hspacer=\"no_spacer\"  data-halign=\"center\" style=\"text-align:center\"><div class=\"uvc-heading-spacer no_spacer\" style=\"top\"><\/div><div class=\"uvc-main-heading ult-responsive\"  data-ultimate-target='.uvc-heading.ultimate-heading-17469dafc83a884a h2'  data-responsive-json-new='{\"font-size\":\"desktop:20px;\",\"line-height\":\"\"}' ><h2 style=\"--font-weight:theme;\">Agustina Vivero<\/h2><\/div><div class=\"uvc-sub-heading ult-responsive\"  data-ultimate-target='.uvc-heading.ultimate-heading-17469dafc83a884a .uvc-sub-heading '  data-responsive-json-new='{\"font-size\":\"desktop:12px;\",\"line-height\":\"\"}'  style=\"font-weight:normal;\"><strong>LIC en COMUNICACI\u00d3N AUDIOVISUAL<\/strong><\/p>\n<div>Autora de \u00abYo Cumbio\u00bb de Editorial Planeta y protagonista del documental \u201cSoi Cumbio\u201d, se recibi\u00f3 de Licenciada en Comunicaci\u00f3n Audiovisual y &nbsp;logr\u00f3 reinventarse alcanzando otro \u00e9xitocon las redes sociales de la conductora Mirtha Legrand , en donde su comunicaci\u00f3n digital obtuvo gran repercusi\u00f3n en los medios.<\/div>\n<div>Cuenta actualmente con 2 premios Mart\u00edn Fierro Digital y fue destacada por su Universidad como Talento y Orgullo por sus logros.<\/div>\n<p><\/div><\/div><div class=\"vc_separator wpb_content_element vc_separator_align_center vc_sep_width_100 vc_sep_pos_align_center vc_separator_no_text vc_sep_color_black\" ><span class=\"vc_sep_holder vc_sep_holder_l\"><span  class=\"vc_sep_line\"><\/span><\/span><span class=\"vc_sep_holder vc_sep_holder_r\"><span  class=\"vc_sep_line\"><\/span><\/span>\n<\/div><\/div><\/div><\/div><div class=\"wpb_column vc_column_container vc_col-sm-1\/5\"><div class=\"vc_column-inner\"><div class=\"wpb_wrapper\">\n\t<div  class=\"wpb_single_image wpb_content_element vc_align_center\">\n\t\t\n\t\t<figure class=\"wpb_wrapper vc_figure\">\n\t\t\t<div class=\"vc_single_image-wrapper vc_box_shadow_3d  vc_box_border_grey\"><img loading=\"lazy\" decoding=\"async\" width=\"1058\" height=\"1058\" src=\"https:\/\/7siff.com\/wp-content\/uploads\/2024\/09\/Julian-Escandarani-2024-2-copia.jpg\" class=\"vc_single_image-img attachment-full\" alt=\"\" title=\"Julian Escandarani 2024 2 copia\" srcset=\"https:\/\/7siff.com\/wp-content\/uploads\/2024\/09\/Julian-Escandarani-2024-2-copia.jpg 1058w, https:\/\/7siff.com\/wp-content\/uploads\/2024\/09\/Julian-Escandarani-2024-2-copia-300x300.jpg 300w, https:\/\/7siff.com\/wp-content\/uploads\/2024\/09\/Julian-Escandarani-2024-2-copia-1024x1024.jpg 1024w, https:\/\/7siff.com\/wp-content\/uploads\/2024\/09\/Julian-Escandarani-2024-2-copia-150x150.jpg 150w, https:\/\/7siff.com\/wp-content\/uploads\/2024\/09\/Julian-Escandarani-2024-2-copia-768x768.jpg 768w, https:\/\/7siff.com\/wp-content\/uploads\/2024\/09\/Julian-Escandarani-2024-2-copia-12x12.jpg 12w\" sizes=\"(max-width: 1058px) 100vw, 1058px\"  data-dt-location=\"https:\/\/7siff.com\/en\/jurado\/julian-escandarani-2024-2-copia\/\" \/><\/div>\n\t\t<\/figure>\n\t<\/div>\n<div id=\"ultimate-heading-946269dafc83a9021\" class=\"uvc-heading ult-adjust-bottom-margin ultimate-heading-946269dafc83a9021 uvc-719\" data-hspacer=\"no_spacer\"  data-halign=\"center\" style=\"text-align:center\"><div class=\"uvc-heading-spacer no_spacer\" style=\"top\"><\/div><div class=\"uvc-main-heading ult-responsive\"  data-ultimate-target='.uvc-heading.ultimate-heading-946269dafc83a9021 h2'  data-responsive-json-new='{\"font-size\":\"desktop:20px;\",\"line-height\":\"\"}' ><h2 style=\"--font-weight:theme;\">Juli\u00e1n Escandarani<\/h2><\/div><div class=\"uvc-sub-heading ult-responsive\"  data-ultimate-target='.uvc-heading.ultimate-heading-946269dafc83a9021 .uvc-sub-heading '  data-responsive-json-new='{\"font-size\":\"desktop:12px;\",\"line-height\":\"\"}'  style=\"font-weight:normal;\"><strong>DIRECTOR Y REALIZADOR AUDIOVISUAL<\/strong><\/p>\n<p>En publicidad y contenido digital trabaj\u00f3 para artistas como TINI y marcas como Subway, Netflix, Nissan, La Seren\u00edsima, Citro\u00ebn, Movistar, entre otras.<\/p>\n<p>Ganador Mejor Montaje en el Festival Internacional de Series BA 2020. Sus cortometrajes \u201cBluetooth Connected\u201d y \u00abFoquito\u00bb obtuvieron el Grand Prix del 7SIFF en 2021 y 2022.<\/div><\/div><div class=\"vc_separator wpb_content_element vc_separator_align_center vc_sep_width_100 vc_sep_pos_align_center vc_separator_no_text vc_sep_color_black\" ><span class=\"vc_sep_holder vc_sep_holder_l\"><span  class=\"vc_sep_line\"><\/span><\/span><span class=\"vc_sep_holder vc_sep_holder_r\"><span  class=\"vc_sep_line\"><\/span><\/span>\n<\/div><\/div><\/div><\/div><div class=\"wpb_column vc_column_container vc_col-sm-1\/5\"><div class=\"vc_column-inner\"><div class=\"wpb_wrapper\">\n\t<div  class=\"wpb_single_image wpb_content_element vc_align_center\">\n\t\t\n\t\t<figure class=\"wpb_wrapper vc_figure\">\n\t\t\t<div class=\"vc_single_image-wrapper vc_box_shadow_3d  vc_box_border_grey\"><img loading=\"lazy\" decoding=\"async\" width=\"859\" height=\"859\" src=\"https:\/\/7siff.com\/wp-content\/uploads\/2025\/06\/F0007996-Large-copia.jpg\" class=\"vc_single_image-img attachment-full\" alt=\"\" title=\"F0007996 (Large) copia\" srcset=\"https:\/\/7siff.com\/wp-content\/uploads\/2025\/06\/F0007996-Large-copia.jpg 859w, https:\/\/7siff.com\/wp-content\/uploads\/2025\/06\/F0007996-Large-copia-300x300.jpg 300w, https:\/\/7siff.com\/wp-content\/uploads\/2025\/06\/F0007996-Large-copia-150x150.jpg 150w, https:\/\/7siff.com\/wp-content\/uploads\/2025\/06\/F0007996-Large-copia-768x768.jpg 768w, https:\/\/7siff.com\/wp-content\/uploads\/2025\/06\/F0007996-Large-copia-12x12.jpg 12w\" sizes=\"(max-width: 859px) 100vw, 859px\"  data-dt-location=\"https:\/\/7siff.com\/en\/jurado\/f0007996-large-copia\/\" \/><\/div>\n\t\t<\/figure>\n\t<\/div>\n<div id=\"ultimate-heading-176969dafc83a9679\" class=\"uvc-heading ult-adjust-bottom-margin ultimate-heading-176969dafc83a9679 uvc-8517\" data-hspacer=\"no_spacer\"  data-halign=\"center\" style=\"text-align:center\"><div class=\"uvc-heading-spacer no_spacer\" style=\"top\"><\/div><div class=\"uvc-main-heading ult-responsive\"  data-ultimate-target='.uvc-heading.ultimate-heading-176969dafc83a9679 h2'  data-responsive-json-new='{\"font-size\":\"desktop:20px;\",\"line-height\":\"\"}' ><h2 style=\"--font-weight:theme;\">Agust\u00edn Eme<\/h2><\/div><div class=\"uvc-sub-heading ult-responsive\"  data-ultimate-target='.uvc-heading.ultimate-heading-176969dafc83a9679 .uvc-sub-heading '  data-responsive-json-new='{\"font-size\":\"desktop:12px;\",\"line-height\":\"\"}'  style=\"font-weight:normal;\"><strong>CREADOR DIGITAL<\/strong><\/p>\n<p>Apasionado por Internet y el cine, con m\u00e1s de una d\u00e9cada de experiencia en contenido sobre pel\u00edculas y series en redes sociales. Su carrera profesional comenz\u00f3 en 2015 en MuyLiebre, la marca joven del diario La Naci\u00f3n.&nbsp;<br \/>\nEn la actualidad se dedica exclusivamente en la creaci\u00f3n de contenido digital en sus redes sociales, al mismo tiempo que brinda apoyo y capacitaci\u00f3n digital a varias marcas del mundo del entretenimiento.<\/div><\/div><div class=\"vc_separator wpb_content_element vc_separator_align_center vc_sep_width_100 vc_sep_pos_align_center vc_separator_no_text vc_sep_color_black\" ><span class=\"vc_sep_holder vc_sep_holder_l\"><span  class=\"vc_sep_line\"><\/span><\/span><span class=\"vc_sep_holder vc_sep_holder_r\"><span  class=\"vc_sep_line\"><\/span><\/span>\n<\/div><\/div><\/div><\/div><div class=\"wpb_column vc_column_container vc_col-sm-1\/5\"><div class=\"vc_column-inner\"><div class=\"wpb_wrapper\"><\/div><\/div><\/div><\/div><div class=\"vc_row-full-width vc_clearfix\"><\/div><div data-vc-full-width=\"true\" data-vc-full-width-init=\"false\" data-vc-stretch-content=\"true\" class=\"vc_row wpb_row vc_row-fluid vc_custom_1714701421299 vc_row-o-content-top vc_row-flex\"><div class=\"wpb_column vc_column_container vc_col-sm-1\/5\"><div class=\"vc_column-inner\"><div class=\"wpb_wrapper\"><\/div><\/div><\/div><div class=\"wpb_column vc_column_container vc_col-sm-1\/5\"><div class=\"vc_column-inner\"><div class=\"wpb_wrapper\">\n\t<div  class=\"wpb_single_image wpb_content_element vc_align_center\">\n\t\t\n\t\t<figure class=\"wpb_wrapper vc_figure\">\n\t\t\t<div class=\"vc_single_image-wrapper vc_box_shadow_3d  vc_box_border_grey\"><img loading=\"lazy\" decoding=\"async\" width=\"760\" height=\"760\" src=\"https:\/\/7siff.com\/wp-content\/uploads\/2025\/06\/WhatsApp-Image-2025-06-17-at-19.26.49-copia.jpg\" class=\"vc_single_image-img attachment-full\" alt=\"\" title=\"WhatsApp Image 2025-06-17 at 19.26.49 copia\" srcset=\"https:\/\/7siff.com\/wp-content\/uploads\/2025\/06\/WhatsApp-Image-2025-06-17-at-19.26.49-copia.jpg 760w, https:\/\/7siff.com\/wp-content\/uploads\/2025\/06\/WhatsApp-Image-2025-06-17-at-19.26.49-copia-300x300.jpg 300w, https:\/\/7siff.com\/wp-content\/uploads\/2025\/06\/WhatsApp-Image-2025-06-17-at-19.26.49-copia-150x150.jpg 150w, https:\/\/7siff.com\/wp-content\/uploads\/2025\/06\/WhatsApp-Image-2025-06-17-at-19.26.49-copia-12x12.jpg 12w\" sizes=\"(max-width: 760px) 100vw, 760px\"  data-dt-location=\"https:\/\/7siff.com\/en\/jurado\/whatsapp-image-2025-06-17-at-19-26-49-copia\/\" \/><\/div>\n\t\t<\/figure>\n\t<\/div>\n<div id=\"ultimate-heading-396169dafc83aa32d\" class=\"uvc-heading ult-adjust-bottom-margin ultimate-heading-396169dafc83aa32d uvc-4848\" data-hspacer=\"no_spacer\"  data-halign=\"center\" style=\"text-align:center\"><div class=\"uvc-heading-spacer no_spacer\" style=\"top\"><\/div><div class=\"uvc-main-heading ult-responsive\"  data-ultimate-target='.uvc-heading.ultimate-heading-396169dafc83aa32d h2'  data-responsive-json-new='{\"font-size\":\"desktop:20px;\",\"line-height\":\"\"}' ><h2 style=\"--font-weight:theme;\">Mat\u00edas Szulanski<\/h2><\/div><div class=\"uvc-sub-heading ult-responsive\"  data-ultimate-target='.uvc-heading.ultimate-heading-396169dafc83aa32d .uvc-sub-heading '  data-responsive-json-new='{\"font-size\":\"desktop:12px;\",\"line-height\":\"\"}'  style=\"font-weight:normal;\"><strong>RALIZADOR Y PRODUCTOR DE CINE<\/strong><\/p>\n<p>Es realizador y productor de cine y publicidad. Dirigi\u00f3, entre otras, las pel\u00edculas Juana Banana en 2022, \u00daltimo recurso en 2023, Berta y Pablo y Buenas noches, estrenadas el pasado a\u00f1o. Es fundador de Kligger, un estudio dedicado a la distribuci\u00f3n y producci\u00f3n.<\/div><\/div><div class=\"vc_separator wpb_content_element vc_separator_align_center vc_sep_width_100 vc_sep_pos_align_center vc_separator_no_text vc_sep_color_black\" ><span class=\"vc_sep_holder vc_sep_holder_l\"><span  class=\"vc_sep_line\"><\/span><\/span><span class=\"vc_sep_holder vc_sep_holder_r\"><span  class=\"vc_sep_line\"><\/span><\/span>\n<\/div><\/div><\/div><\/div><div class=\"wpb_column vc_column_container vc_col-sm-1\/5\"><div class=\"vc_column-inner\"><div class=\"wpb_wrapper\">\n\t<div  class=\"wpb_single_image wpb_content_element vc_align_center\">\n\t\t\n\t\t<figure class=\"wpb_wrapper vc_figure\">\n\t\t\t<div class=\"vc_single_image-wrapper vc_box_shadow_3d  vc_box_border_grey\"><img loading=\"lazy\" decoding=\"async\" width=\"1024\" height=\"1024\" src=\"https:\/\/7siff.com\/wp-content\/uploads\/2024\/08\/IMG_9789-1.jpg\" class=\"vc_single_image-img attachment-full\" alt=\"\" title=\"IMG_9789\" srcset=\"https:\/\/7siff.com\/wp-content\/uploads\/2024\/08\/IMG_9789-1.jpg 1024w, https:\/\/7siff.com\/wp-content\/uploads\/2024\/08\/IMG_9789-1-300x300.jpg 300w, https:\/\/7siff.com\/wp-content\/uploads\/2024\/08\/IMG_9789-1-150x150.jpg 150w, https:\/\/7siff.com\/wp-content\/uploads\/2024\/08\/IMG_9789-1-768x768.jpg 768w, https:\/\/7siff.com\/wp-content\/uploads\/2024\/08\/IMG_9789-1-12x12.jpg 12w\" sizes=\"(max-width: 1024px) 100vw, 1024px\"  data-dt-location=\"https:\/\/7siff.com\/en\/jurado\/img_9789-2\/\" \/><\/div>\n\t\t<\/figure>\n\t<\/div>\n<div id=\"ultimate-heading-857469dafc83aa958\" class=\"uvc-heading ult-adjust-bottom-margin ultimate-heading-857469dafc83aa958 uvc-8202\" data-hspacer=\"no_spacer\"  data-halign=\"center\" style=\"text-align:center\"><div class=\"uvc-heading-spacer no_spacer\" style=\"top\"><\/div><div class=\"uvc-main-heading ult-responsive\"  data-ultimate-target='.uvc-heading.ultimate-heading-857469dafc83aa958 h2'  data-responsive-json-new='{\"font-size\":\"desktop:20px;\",\"line-height\":\"\"}' ><h2 style=\"--font-weight:theme;\">Grisel Marino<\/h2><\/div><div class=\"uvc-sub-heading ult-responsive\"  data-ultimate-target='.uvc-heading.ultimate-heading-857469dafc83aa958 .uvc-sub-heading '  data-responsive-json-new='{\"font-size\":\"desktop:12px;\",\"line-height\":\"\"}'  style=\"font-weight:normal;\"><strong>DIRECTORA DE ARTE Y SET DESIGNER<\/strong><\/p>\n<p>Actualmente trabaja en fotograf\u00eda fija, publicidad y video clips. En su mirada convergen el mundo de la moda, la decoraci\u00f3n y el arte d\u00e1ndole un estilo \u00fanico. Trabaj\u00f3 para marcas como Luigi Bosca, La seren\u00edsima, Nissan, Cabrales, Brahma, Baron B, Salentein, Disney , Netflix. Se desempe\u00f1\u00f3 como productora en la Revista La Naci\u00f3n entre otras. Estudi\u00f3 dise\u00f1o de indumentaria y se perfeccion\u00f3 en diversas ramas del arte como food styling y barista.<\/div><\/div><div class=\"vc_separator wpb_content_element vc_separator_align_center vc_sep_width_100 vc_sep_pos_align_center vc_separator_no_text vc_sep_color_black\" ><span class=\"vc_sep_holder vc_sep_holder_l\"><span  class=\"vc_sep_line\"><\/span><\/span><span class=\"vc_sep_holder vc_sep_holder_r\"><span  class=\"vc_sep_line\"><\/span><\/span>\n<\/div><\/div><\/div><\/div><div class=\"wpb_column vc_column_container vc_col-sm-1\/5\"><div class=\"vc_column-inner\"><div class=\"wpb_wrapper\">\n\t<div  class=\"wpb_single_image wpb_content_element vc_align_center\">\n\t\t\n\t\t<figure class=\"wpb_wrapper vc_figure\">\n\t\t\t<div class=\"vc_single_image-wrapper vc_box_shadow_3d  vc_box_border_grey\"><img loading=\"lazy\" decoding=\"async\" width=\"1151\" height=\"1151\" src=\"https:\/\/7siff.com\/wp-content\/uploads\/2024\/05\/WhatsApp-Image-2024-05-02-at-20.47.46.jpeg\" class=\"vc_single_image-img attachment-full\" alt=\"\" title=\"Marcelo Gafanha\" srcset=\"https:\/\/7siff.com\/wp-content\/uploads\/2024\/05\/WhatsApp-Image-2024-05-02-at-20.47.46.jpeg 1151w, https:\/\/7siff.com\/wp-content\/uploads\/2024\/05\/WhatsApp-Image-2024-05-02-at-20.47.46-300x300.jpeg 300w, https:\/\/7siff.com\/wp-content\/uploads\/2024\/05\/WhatsApp-Image-2024-05-02-at-20.47.46-1024x1024.jpeg 1024w, https:\/\/7siff.com\/wp-content\/uploads\/2024\/05\/WhatsApp-Image-2024-05-02-at-20.47.46-150x150.jpeg 150w, https:\/\/7siff.com\/wp-content\/uploads\/2024\/05\/WhatsApp-Image-2024-05-02-at-20.47.46-768x768.jpeg 768w, https:\/\/7siff.com\/wp-content\/uploads\/2024\/05\/WhatsApp-Image-2024-05-02-at-20.47.46-12x12.jpeg 12w\" sizes=\"(max-width: 1151px) 100vw, 1151px\"  data-dt-location=\"https:\/\/7siff.com\/en\/dt_gallery\/jurados\/whatsapp-image-2024-05-02-at-20-47-46\/\" \/><\/div>\n\t\t<\/figure>\n\t<\/div>\n<div id=\"ultimate-heading-220769dafc83ab0f8\" class=\"uvc-heading ult-adjust-bottom-margin ultimate-heading-220769dafc83ab0f8 uvc-9066\" data-hspacer=\"no_spacer\"  data-halign=\"center\" style=\"text-align:center\"><div class=\"uvc-heading-spacer no_spacer\" style=\"top\"><\/div><div class=\"uvc-main-heading ult-responsive\"  data-ultimate-target='.uvc-heading.ultimate-heading-220769dafc83ab0f8 h2'  data-responsive-json-new='{\"font-size\":\"desktop:20px;\",\"line-height\":\"\"}' ><h2 style=\"--font-weight:theme;\">Marcelo Gafanha<\/h2><\/div><div class=\"uvc-sub-heading ult-responsive\"  data-ultimate-target='.uvc-heading.ultimate-heading-220769dafc83ab0f8 .uvc-sub-heading '  data-responsive-json-new='{\"font-size\":\"desktop:12px;\",\"line-height\":\"\"}'  style=\"font-weight:normal;\"><strong>DIRECTOR DE CINE Y PUBLICIDAD<\/strong><\/p>\n<p>Director brasile\u00f1o que vive y trabaja en Lisboa, Portugal. Marcelo tiene producciones para Brasil y Panam\u00e1, y a pesar de trabajar en el mercado publicitario portugu\u00e9s, el director tiene en su cinematograf\u00eda pel\u00edculas documentales y cortometrajes, entre ellos el cortometraje Enjoy, ganador a mejor pel\u00edcula en el 7Siff en su primera edici\u00f3n.<\/div><\/div><div class=\"vc_separator wpb_content_element vc_separator_align_center vc_sep_width_100 vc_sep_pos_align_center vc_separator_no_text vc_sep_color_black\" ><span class=\"vc_sep_holder vc_sep_holder_l\"><span  class=\"vc_sep_line\"><\/span><\/span><span class=\"vc_sep_holder vc_sep_holder_r\"><span  class=\"vc_sep_line\"><\/span><\/span>\n<\/div><\/div><\/div><\/div><div class=\"wpb_column vc_column_container vc_col-sm-1\/5\"><div class=\"vc_column-inner\"><div class=\"wpb_wrapper\"><\/div><\/div><\/div><\/div><div class=\"vc_row-full-width vc_clearfix\"><\/div>","protected":false},"excerpt":{"rendered":"<p>Agustina ViveroLIC en COMUNICACI\u00d3N AUDIOVISUAL Autora de \u00abYo Cumbio\u00bb de Editorial Planeta y protagonista del documental \u201cSoi Cumbio\u201d, se recibi\u00f3 de Licenciada en Comunicaci\u00f3n Audiovisual y &nbsp;logr\u00f3 reinventarse alcanzando otro&hellip;<\/p>","protected":false},"author":2,"featured_media":0,"parent":0,"menu_order":0,"comment_status":"closed","ping_status":"closed","template":"","meta":{"om_disable_all_campaigns":false,"_monsterinsights_skip_tracking":false,"_monsterinsights_sitenote_active":false,"_monsterinsights_sitenote_note":"","_monsterinsights_sitenote_category":0,"ngg_post_thumbnail":0,"footnotes":""},"class_list":["post-59168","page","type-page","status-publish","hentry","description-off"],"aioseo_notices":[],"_links":{"self":[{"href":"https:\/\/7siff.com\/en\/wp-json\/wp\/v2\/pages\/59168"}],"collection":[{"href":"https:\/\/7siff.com\/en\/wp-json\/wp\/v2\/pages"}],"about":[{"href":"https:\/\/7siff.com\/en\/wp-json\/wp\/v2\/types\/page"}],"author":[{"embeddable":true,"href":"https:\/\/7siff.com\/en\/wp-json\/wp\/v2\/users\/2"}],"replies":[{"embeddable":true,"href":"https:\/\/7siff.com\/en\/wp-json\/wp\/v2\/comments?post=59168"}],"version-history":[{"count":40,"href":"https:\/\/7siff.com\/en\/wp-json\/wp\/v2\/pages\/59168\/revisions"}],"predecessor-version":[{"id":59584,"href":"https:\/\/7siff.com\/en\/wp-json\/wp\/v2\/pages\/59168\/revisions\/59584"}],"wp:attachment":[{"href":"https:\/\/7siff.com\/en\/wp-json\/wp\/v2\/media?parent=59168"}],"curies":[{"name":"wp","href":"https:\/\/api.w.org\/{rel}","templated":true}]}}