{"id":59019,"date":"2024-03-10T21:51:18","date_gmt":"2024-03-10T21:51:18","guid":{"rendered":"https:\/\/7siff.com\/?page_id=59019"},"modified":"2024-03-10T21:51:18","modified_gmt":"2024-03-10T21:51:18","slug":"7siff-2021","status":"publish","type":"page","link":"https:\/\/7siff.com\/en\/7siff-2021\/","title":{"rendered":"7SIFF 2021"},"content":{"rendered":"<div class=\"vc_row wpb_row vc_row-fluid\"><div class=\"wpb_column vc_column_container vc_col-sm-12\"><div class=\"vc_column-inner\"><div class=\"wpb_wrapper\"><div id=\"ultimate-heading-58569dafc32352db\" class=\"uvc-heading ult-adjust-bottom-margin ultimate-heading-58569dafc32352db uvc-1830  uvc-heading-default-font-sizes\" data-hspacer=\"no_spacer\"  data-halign=\"center\" style=\"text-align:center\"><div class=\"uvc-heading-spacer no_spacer\" style=\"top\"><\/div><div class=\"uvc-main-heading ult-responsive\"  data-ultimate-target='.uvc-heading.ultimate-heading-58569dafc32352db h2'  data-responsive-json-new='{\"font-size\":\"\",\"line-height\":\"\"}' ><h2 style=\"--font-weight:theme;\">Ganadores 2021<\/h2><\/div><div class=\"uvc-sub-heading ult-responsive\"  data-ultimate-target='.uvc-heading.ultimate-heading-58569dafc32352db .uvc-sub-heading '  data-responsive-json-new='{\"font-size\":\"\",\"line-height\":\"\"}'  style=\"font-weight:normal;\"><\/p>\n<p style=\"font-weight: 400;\">will get<\/p>\n<p style=\"font-weight: 400;\"><strong>BLUETOOTH CONNECTED<\/strong><\/p>\n<p>&nbsp;<\/p>\n<p style=\"font-weight: 400;\"><span style=\"font-weight: 400;\">MEJOR PEL\u00cdCULA ARGENTINA<\/span><\/p>\n<p style=\"font-weight: 400;\"><strong>BLUETOOTH CONNECTED<\/strong><\/p>\n<p>&nbsp;<\/p>\n<p style=\"font-weight: 400;\"><span style=\"font-weight: 400;\">MEJOR PEL\u00cdCULA INTERNACIONAL<\/span><\/p>\n<p style=\"font-weight: 400;\"><strong>CLOSE UP AND PERSONAL<\/strong><\/p>\n<p>&nbsp;<\/p>\n<p style=\"font-weight: 400;\"><span style=\"font-weight: 400;\">MEJOR PEL\u00cdCULA UNIVERSITARIA ARGENTINA<\/span><\/p>\n<p style=\"font-weight: 400;\"><strong>1\u00ba TUTTI FRUTTA<\/strong><\/p>\n<p style=\"font-weight: 400;\"><strong>2\u00ba MEDIANOCHE EN BUENOS AIRES<\/strong><\/p>\n<p>&nbsp;<\/p>\n<p style=\"font-weight: 400;\"><span style=\"font-weight: 400;\">MEJOR PEL\u00cdCULA UNIVERSITARIA INTERNACIONAL<\/span><\/p>\n<p style=\"font-weight: 400;\"><strong>REFLECTION<\/strong><\/p>\n<p>&nbsp;<\/p>\n<p style=\"font-weight: 400;\"><span style=\"font-weight: 400;\">MEJOR PEL\u00cdCULA VOTO DEL P\u00daBLICO<\/span><\/p>\n<p style=\"font-weight: 400;\"><strong>YENDO<\/strong><\/p>\n<p>&nbsp;<\/p>\n<p style=\"font-weight: 400;\"><span style=\"font-weight: 400;\">MEJOR POSTER<\/span><\/p>\n<p style=\"font-weight: 400;\"><span style=\"font-weight: 400;\"><strong>NO<\/strong>&nbsp;<\/span><\/p>\n<p>&nbsp;<\/p>\n<p style=\"font-weight: 400;\"><span style=\"font-weight: 400;\">MEJOR DIRECCI\u00d3N<\/span><\/p>\n<p style=\"font-weight: 400;\"><strong>CLOSE UP AND PERSONAL<\/strong><\/p>\n<p>&nbsp;<\/p>\n<p style=\"font-weight: 400;\"><span style=\"font-weight: 400;\">MEJOR GUI\u00d3N<\/span><\/p>\n<p style=\"font-weight: 400;\"><strong>BLUETOOTH CONNECTED<\/strong><\/p>\n<p>&nbsp;<\/p>\n<p style=\"font-weight: 400;\"><span style=\"font-weight: 400;\">MEJOR DIRECCI\u00d3N DE FOTOGRAF\u00cdA<\/span><\/p>\n<p style=\"font-weight: 400;\"><strong>EL DOLOR DE ESTERIE<\/strong><\/p>\n<p>&nbsp;<\/p>\n<p style=\"font-weight: 400;\"><span style=\"font-weight: 400;\">MEJOR DIRECCI\u00d3N DE ARTE<\/span><\/p>\n<p style=\"font-weight: 400;\"><strong>GOLPE<\/strong><\/p>\n<p>&nbsp;<\/p>\n<p style=\"font-weight: 400;\"><span style=\"font-weight: 400;\">MEJOR EDICI\u00d3N DE SONIDO<\/span><\/p>\n<p style=\"font-weight: 400;\"><strong>BLUETOOTH CONNECTED<\/strong><\/p>\n<p>&nbsp;<\/p>\n<p style=\"font-weight: 400;\"><span style=\"font-weight: 400;\">MEJOR EDICI\u00d3N<\/span><\/p>\n<p style=\"font-weight: 400;\"><strong>1\u00ba BLUETOOTH CONNECTED<\/strong><\/p>\n<p style=\"font-weight: 400;\"><strong>2\u00ba CLOSE UP AND PERSONAL<\/strong><\/p>\n<p>&nbsp;<\/p>\n<p style=\"font-weight: 400;\"><span style=\"font-weight: 400;\">MENCI\u00d3N DEL P\u00daBLICO<\/span><\/p>\n<p style=\"font-weight: 400;\"><strong>SENTIMIENTOS DE CUARENTENA<\/strong><\/p>\n<p>&nbsp;<\/p>\n<p style=\"font-weight: 400;\"><span style=\"font-weight: 400;\">MEJOR ANIMACI\u00d3N<\/span><\/p>\n<p style=\"font-weight: 400;\"><strong>MI BUENOS AIRES<\/strong><\/p>\n<p>&nbsp;<\/p>\n<p style=\"font-weight: 400;\"><span style=\"font-weight: 400;\">MEJOR COMEDIA<\/span><\/p>\n<p style=\"font-weight: 400;\"><strong>SUPERLIGA DE BRONCEADO NATURAL 1993<\/strong><\/p>\n<p>&nbsp;<\/p>\n<p style=\"font-weight: 400;\"><span style=\"font-weight: 400;\">MEJOR DOCUMENTAL<\/span><\/p>\n<p style=\"font-weight: 400;\"><strong>RECUERDOS<\/strong><\/p>\n<p>&nbsp;<\/p>\n<p style=\"font-weight: 400;\"><span style=\"font-weight: 400;\">MEJOR DRAMA<\/span><\/p>\n<p style=\"font-weight: 400;\"><strong>BLUETOOTH CONNECTED<\/strong><\/p>\n<p>&nbsp;<\/p>\n<p style=\"font-weight: 400;\"><span style=\"font-weight: 400;\">MEJOR EXPERIMENTAL<\/span><\/p>\n<p style=\"font-weight: 400;\"><strong>COMO ES ABAJO ES ARRIBA<\/strong><\/p>\n<p>&nbsp;<\/p>\n<p style=\"font-weight: 400;\"><span style=\"font-weight: 400;\">MEJOR TERROR<\/span><\/p>\n<p style=\"font-weight: 400;\"><strong>LA COSITA<\/strong><\/p>\n<p><\/div><\/div><\/div><\/div><\/div><\/div>","protected":false},"excerpt":{"rendered":"<p>Ganadores 2021 GRAND PRIX BLUETOOTH CONNECTED &nbsp; MEJOR PEL\u00cdCULA ARGENTINA BLUETOOTH CONNECTED &nbsp; MEJOR PEL\u00cdCULA INTERNACIONAL CLOSE UP AND PERSONAL &nbsp; MEJOR PEL\u00cdCULA UNIVERSITARIA ARGENTINA 1\u00ba TUTTI FRUTTA 2\u00ba MEDIANOCHE&hellip;<\/p>","protected":false},"author":2,"featured_media":0,"parent":0,"menu_order":0,"comment_status":"closed","ping_status":"closed","template":"","meta":{"om_disable_all_campaigns":false,"_monsterinsights_skip_tracking":false,"_monsterinsights_sitenote_active":false,"_monsterinsights_sitenote_note":"","_monsterinsights_sitenote_category":0,"ngg_post_thumbnail":0,"footnotes":""},"class_list":["post-59019","page","type-page","status-publish","hentry","description-off"],"aioseo_notices":[],"_links":{"self":[{"href":"https:\/\/7siff.com\/en\/wp-json\/wp\/v2\/pages\/59019"}],"collection":[{"href":"https:\/\/7siff.com\/en\/wp-json\/wp\/v2\/pages"}],"about":[{"href":"https:\/\/7siff.com\/en\/wp-json\/wp\/v2\/types\/page"}],"author":[{"embeddable":true,"href":"https:\/\/7siff.com\/en\/wp-json\/wp\/v2\/users\/2"}],"replies":[{"embeddable":true,"href":"https:\/\/7siff.com\/en\/wp-json\/wp\/v2\/comments?post=59019"}],"version-history":[{"count":1,"href":"https:\/\/7siff.com\/en\/wp-json\/wp\/v2\/pages\/59019\/revisions"}],"predecessor-version":[{"id":59020,"href":"https:\/\/7siff.com\/en\/wp-json\/wp\/v2\/pages\/59019\/revisions\/59020"}],"wp:attachment":[{"href":"https:\/\/7siff.com\/en\/wp-json\/wp\/v2\/media?parent=59019"}],"curies":[{"name":"wp","href":"https:\/\/api.w.org\/{rel}","templated":true}]}}