{"id":58770,"date":"2023-09-04T20:16:25","date_gmt":"2023-09-04T20:16:25","guid":{"rendered":"https:\/\/7siff.com\/?page_id=58770"},"modified":"2025-09-16T18:48:19","modified_gmt":"2025-09-16T18:48:19","slug":"programa-multiplex","status":"publish","type":"page","link":"https:\/\/7siff.com\/en\/programa-multiplex\/","title":{"rendered":"Programa Multiplex"},"content":{"rendered":"<div class=\"vc_row wpb_row vc_row-fluid\"><div class=\"wpb_column vc_column_container vc_col-sm-2\"><div class=\"vc_column-inner\"><div class=\"wpb_wrapper\"><\/div><\/div><\/div><div class=\"wpb_column vc_column_container vc_col-sm-8\"><div class=\"vc_column-inner\"><div class=\"wpb_wrapper\"><div class=\"vc_empty_space\"   style=\"height: 32px\"><span class=\"vc_empty_space_inner\"><\/span><\/div><div id=\"ultimate-heading-458669cffdf4038f8\" class=\"uvc-heading ult-adjust-bottom-margin ultimate-heading-458669cffdf4038f8 uvc-8595  uvc-heading-default-font-sizes\" data-hspacer=\"no_spacer\"  data-halign=\"center\" style=\"text-align:center\"><div class=\"uvc-heading-spacer no_spacer\" style=\"top\"><\/div><div class=\"uvc-main-heading ult-responsive\"  data-ultimate-target='.uvc-heading.ultimate-heading-458669cffdf4038f8 h2'  data-responsive-json-new='{\"font-size\":\"\",\"line-height\":\"\"}' ><h2 style=\"--font-weight:theme;\">Programa completo 7SIFF 2025<\/h2><\/div><div class=\"uvc-sub-heading ult-responsive\"  data-ultimate-target='.uvc-heading.ultimate-heading-458669cffdf4038f8 .uvc-sub-heading '  data-responsive-json-new='{\"font-size\":\"\",\"line-height\":\"\"}'  style=\"font-weight:normal;\">&nbsp;<\/p>\n<p>Lunes 6 y martes 7 de octubre en Cine Multiplex Belgrano (Vuelta de Obligado 2199).<\/p>\n<p>(Entradas en <a href=\"https:\/\/www.passline.com\/eventos\/7siff-2025\"><strong>Passline<\/strong><\/a> No se vender\u00e1n tickets en boleterias).<\/div><\/div><div class=\"vc_empty_space\"   style=\"height: 32px\"><span class=\"vc_empty_space_inner\"><\/span><\/div><div class=\"vc_empty_space\"   style=\"height: 32px\"><span class=\"vc_empty_space_inner\"><\/span><\/div><div class=\"smile_icon_list_wrap ult_info_list_container ult-adjust-bottom-margin\"><ul class=\"smile_icon_list left square with_bg\"><li class=\"icon_list_item\" style=\" font-size:72px;\"><div class=\"icon_list_icon\" data-animation=\"\" data-animation-delay=\"03\" style=\"font-size:24px;border-width:1px;border-style:none;background:#ffffff;color:#333333;border-color:#333333;\"><i class=\"icomoon-the7-font-the7-clock-00\" ><\/i><\/div><div class=\"icon_description\" id=\"Info-list-wrap-6673\" style=\"font-size:24px;\"><h3 class=\"ult-responsive info-list-heading\"  data-ultimate-target='#Info-list-wrap-6673 h3'  data-responsive-json-new='{\"font-size\":\"desktop:16px;\",\"line-height\":\"desktop:24px;\"}'  style=\"\">19hs Proyecci\u00f3n funci\u00f3n 1<\/h3><div class=\"icon_description_text ult-responsive\"  data-ultimate-target='#Info-list-wrap-6673 .icon_description_text'  data-responsive-json-new='{\"font-size\":\"desktop:13px;\",\"line-height\":\"desktop:18px;\"}'  style=\"\"><p>Todas las pel\u00edculas de la selecci\u00f3n oficial de 7SIFF 2025.<\/p>\n<p>Presentarse en mesa de acreditaciones en el hall principal (frente al Candy). Habilitada de 18:30hs a 21hs. Presentarse con QR de entrada.<\/p>\n<p>6\u00ba edici\u00f3n del Festival de Cine en 7 Segundos. 169 pel\u00edculas, una tras otra, sin pausa. Una experiencia de cine intensa, vertiginosa y \u00fanica: no vas a volver a mirar el cine de la misma manera.<\/p>\n<\/div><\/div><div class=\"icon_list_connector\"  style=\"border-right-width: 1px;border-right-style: dashed;border-color: #333333;\"><\/div><\/li><li class=\"icon_list_item\" style=\" font-size:72px;\"><div class=\"icon_list_icon\" data-animation=\"\" data-animation-delay=\"03\" style=\"font-size:24px;border-width:1px;border-style:none;background:#ffffff;color:#333333;border-color:#333333;\"><i class=\"icomoon-the7-font-the7-clock-00\" ><\/i><\/div><div class=\"icon_description\" id=\"Info-list-wrap-8161\" style=\"font-size:24px;\"><h3 class=\"ult-responsive info-list-heading\"  data-ultimate-target='#Info-list-wrap-8161 h3'  data-responsive-json-new='{\"font-size\":\"desktop:16px;\",\"line-height\":\"desktop:24px;\"}'  style=\"\">20hs Proyecci\u00f3n funci\u00f3n 2<\/h3><div class=\"icon_description_text ult-responsive\"  data-ultimate-target='#Info-list-wrap-8161 .icon_description_text'  data-responsive-json-new='{\"font-size\":\"desktop:13px;\",\"line-height\":\"desktop:18px;\"}'  style=\"\"><p>Todas las pel\u00edculas de la selecci\u00f3n oficial de 7SIFF 2025.<\/p>\n<p>Presentarse en mesa de acreditaciones en el hall principal (frente al Candy). Habilitada de 18:30hs a 21hs. Presentarse con QR de entrada.<\/p>\n<p>6\u00ba edici\u00f3n del Festival de Cine en 7 Segundos. 169 pel\u00edculas, una tras otra, sin pausa. Una experiencia de cine intensa, vertiginosa y \u00fanica: no vas a volver a mirar el cine de la misma manera.<\/p>\n<\/div><\/div><div class=\"icon_list_connector\"  style=\"border-right-width: 1px;border-right-style: dashed;border-color: #333333;\"><\/div><\/li><\/ul><\/div><div class=\"vc_empty_space\"   style=\"height: 32px\"><span class=\"vc_empty_space_inner\"><\/span><\/div><\/div><\/div><\/div><div class=\"wpb_column vc_column_container vc_col-sm-2\"><div class=\"vc_column-inner\"><div class=\"wpb_wrapper\"><\/div><\/div><\/div><\/div><div class=\"vc_row wpb_row vc_row-fluid\"><div class=\"wpb_column vc_column_container vc_col-sm-2\"><div class=\"vc_column-inner\"><div class=\"wpb_wrapper\"><\/div><\/div><\/div><div class=\"wpb_column vc_column_container vc_col-sm-8\"><div class=\"vc_column-inner\"><div class=\"wpb_wrapper\"><div class=\"vc_empty_space\"   style=\"height: 32px\"><span class=\"vc_empty_space_inner\"><\/span><\/div><div id=\"ultimate-heading-539469cffdf40435b\" class=\"uvc-heading ult-adjust-bottom-margin ultimate-heading-539469cffdf40435b uvc-5533  uvc-heading-default-font-sizes\" data-hspacer=\"no_spacer\"  data-halign=\"center\" style=\"text-align:center\"><div class=\"uvc-heading-spacer no_spacer\" style=\"top\"><\/div><div class=\"uvc-main-heading ult-responsive\"  data-ultimate-target='.uvc-heading.ultimate-heading-539469cffdf40435b h2'  data-responsive-json-new='{\"font-size\":\"\",\"line-height\":\"\"}' ><h2 style=\"--font-weight:theme;\">Awards ceremony<\/h2><\/div><div class=\"uvc-sub-heading ult-responsive\"  data-ultimate-target='.uvc-heading.ultimate-heading-539469cffdf40435b .uvc-sub-heading '  data-responsive-json-new='{\"font-size\":\"\",\"line-height\":\"\"}'  style=\"font-weight:normal;\">&nbsp;<\/p>\n<p>Cine Multiplex Belgrano (Vuelta de Obligado 2199).<\/p>\n<p>(<a href=\"https:\/\/forms.gle\/vqipoyDKDGNzN6Lw7\"><strong>Acreditate para tener un lugar.<\/strong> <\/a>No se vender\u00e1n tickets en boleter\u00edas).<\/div><\/div><div class=\"vc_empty_space\"   style=\"height: 32px\"><span class=\"vc_empty_space_inner\"><\/span><\/div><div class=\"vc_empty_space\"   style=\"height: 32px\"><span class=\"vc_empty_space_inner\"><\/span><\/div><div class=\"smile_icon_list_wrap ult_info_list_container ult-adjust-bottom-margin\"><ul class=\"smile_icon_list left square with_bg\"><li class=\"icon_list_item\" style=\" font-size:72px;\"><div class=\"icon_list_icon\" data-animation=\"\" data-animation-delay=\"03\" style=\"font-size:24px;border-width:1px;border-style:none;background:#ffffff;color:#333333;border-color:#333333;\"><i class=\"icomoon-the7-font-the7-clock-00\" ><\/i><\/div><div class=\"icon_description\" id=\"Info-list-wrap-1141\" style=\"font-size:24px;\"><h3 class=\"ult-responsive info-list-heading\"  data-ultimate-target='#Info-list-wrap-1141 h3'  data-responsive-json-new='{\"font-size\":\"desktop:16px;\",\"line-height\":\"desktop:24px;\"}'  style=\"\">13hs Ceremonia de premiaci\u00f3n 7SIFF 2025<\/h3><div class=\"icon_description_text ult-responsive\"  data-ultimate-target='#Info-list-wrap-1141 .icon_description_text'  data-responsive-json-new='{\"font-size\":\"desktop:13px;\",\"line-height\":\"desktop:18px;\"}'  style=\"\"><p>Proyecci\u00f3n de todas las pel\u00edculas de 7SIFF 2025 nominadas por el jurado.<br \/>\nM\u00e1s entrega de premios y menciones.<\/p>\n<p>Presentarse en mesa de acreditaciones en el hall principal (frente al Candy). Habilitada de 13hs a 14hs. Presentarse con invitaci\u00f3n.<\/p>\n<p>6\u00ba edici\u00f3n del Festival de Cine en 7 Segundos.<\/p>\n<\/div><\/div><div class=\"icon_list_connector\"  style=\"border-right-width: 1px;border-right-style: dashed;border-color: #333333;\"><\/div><\/li><\/ul><\/div><div class=\"vc_empty_space\"   style=\"height: 32px\"><span class=\"vc_empty_space_inner\"><\/span><\/div><\/div><\/div><\/div><div class=\"wpb_column vc_column_container vc_col-sm-2\"><div class=\"vc_column-inner\"><div class=\"wpb_wrapper\"><\/div><\/div><\/div><\/div>","protected":false},"excerpt":{"rendered":"<p>Programa completo 7SIFF 2025&nbsp; Lunes 6 y martes 7 de octubre en Cine Multiplex Belgrano (Vuelta de Obligado 2199). (Entradas en Passline No se vender\u00e1n tickets en boleterias).19hs Proyecci\u00f3n funci\u00f3n&hellip;<\/p>","protected":false},"author":2,"featured_media":0,"parent":0,"menu_order":0,"comment_status":"closed","ping_status":"closed","template":"","meta":{"om_disable_all_campaigns":false,"_monsterinsights_skip_tracking":false,"_monsterinsights_sitenote_active":false,"_monsterinsights_sitenote_note":"","_monsterinsights_sitenote_category":0,"ngg_post_thumbnail":0,"footnotes":""},"class_list":["post-58770","page","type-page","status-publish","hentry","description-off"],"aioseo_notices":[],"_links":{"self":[{"href":"https:\/\/7siff.com\/en\/wp-json\/wp\/v2\/pages\/58770"}],"collection":[{"href":"https:\/\/7siff.com\/en\/wp-json\/wp\/v2\/pages"}],"about":[{"href":"https:\/\/7siff.com\/en\/wp-json\/wp\/v2\/types\/page"}],"author":[{"embeddable":true,"href":"https:\/\/7siff.com\/en\/wp-json\/wp\/v2\/users\/2"}],"replies":[{"embeddable":true,"href":"https:\/\/7siff.com\/en\/wp-json\/wp\/v2\/comments?post=58770"}],"version-history":[{"count":18,"href":"https:\/\/7siff.com\/en\/wp-json\/wp\/v2\/pages\/58770\/revisions"}],"predecessor-version":[{"id":59643,"href":"https:\/\/7siff.com\/en\/wp-json\/wp\/v2\/pages\/58770\/revisions\/59643"}],"wp:attachment":[{"href":"https:\/\/7siff.com\/en\/wp-json\/wp\/v2\/media?parent=58770"}],"curies":[{"name":"wp","href":"https:\/\/api.w.org\/{rel}","templated":true}]}}