{"id":57684,"date":"2022-09-18T20:25:56","date_gmt":"2022-09-18T20:25:56","guid":{"rendered":"http:\/\/7siff.com\/?page_id=57684"},"modified":"2023-09-17T23:14:36","modified_gmt":"2023-09-17T23:14:36","slug":"winners2022","status":"publish","type":"page","link":"https:\/\/7siff.com\/en\/winners2022\/","title":{"rendered":"Winners"},"content":{"rendered":"<div class=\"vc_row wpb_row vc_row-fluid\"><div class=\"wpb_column vc_column_container vc_col-sm-12\"><div class=\"vc_column-inner\"><div class=\"wpb_wrapper\"><div id=\"ultimate-heading-83969e8aa54796c2\" class=\"uvc-heading ult-adjust-bottom-margin ultimate-heading-83969e8aa54796c2 uvc-2064  uvc-heading-default-font-sizes\" data-hspacer=\"no_spacer\"  data-halign=\"center\" style=\"text-align:center\"><div class=\"uvc-heading-spacer no_spacer\" style=\"top\"><\/div><div class=\"uvc-main-heading ult-responsive\"  data-ultimate-target='.uvc-heading.ultimate-heading-83969e8aa54796c2 h2'  data-responsive-json-new='{\"font-size\":\"\",\"line-height\":\"\"}' ><h2 style=\"--font-weight:theme;\">Full list of awards and mentions 7SIFF 2022<\/h2><\/div><div class=\"uvc-sub-heading ult-responsive\"  data-ultimate-target='.uvc-heading.ultimate-heading-83969e8aa54796c2 .uvc-sub-heading '  data-responsive-json-new='{\"font-size\":\"\",\"line-height\":\"\"}'  style=\"font-weight:normal;\"><\/p>\n<p>&nbsp;<\/p>\n<p style=\"text-align: center;\"><strong>Grand Prix<\/strong><br \/>\n<strong>Foquito<\/strong><br \/>\nJuli\u00e1n Escandarani<\/p>\n<p style=\"text-align: center;\"><strong>Best Argentinian movie<\/strong><br \/>\n<strong>Foquito<\/strong><br \/>\nJuli\u00e1n Escandarani<\/p>\n<p style=\"text-align: center;\"><strong>Best Forein Movie<\/strong><br \/>\n<strong>F<\/strong><br \/>\nKevin Lucero Less (USA)<\/p>\n<p style=\"text-align: center;\"><strong>People's choice award<\/strong><br \/>\n<strong>La aventuras del perro detective<\/strong><br \/>\nAlan Sanz<\/p>\n<p style=\"text-align: center;\"><strong>Best Student Movie<\/strong><br \/>\n<strong>Prescindible<\/strong><br \/>\nIgnacio Ricchietti<\/p>\n<p style=\"text-align: center;\"><strong>Finale?<\/strong><br \/>\nFranco Garc\u00eda<\/p>\n<p style=\"text-align: center;\"><strong>Best Director<\/strong><br \/>\n<strong>Prescindible<\/strong><br \/>\nIgnacio Ricchetti<\/p>\n<p style=\"text-align: center;\"><strong>Best DOP<\/strong><br \/>\n<strong>Madnews<\/strong><br \/>\nGast\u00f3n Altamirano<\/p>\n<p style=\"text-align: center;\"><strong>Best Art Director<\/strong><br \/>\n<strong>The Butcher<\/strong><br \/>\nWalter Ponte<\/p>\n<p style=\"text-align: center;\"><strong>Best Sound Design<\/strong><br \/>\n<strong>Foquito<\/strong><br \/>\nJuli\u00e1n Escandarani<\/p>\n<p style=\"text-align: center;\"><strong>Best Editing<\/strong><br \/>\n<strong>Mama\u2019s food<\/strong><br \/>\nMat\u00edas G\u00f3mez<\/p>\n<p style=\"text-align: center;\"><strong>Best Screenplay<\/strong><br \/>\n<strong>Alone Again<\/strong><br \/>\nMilton Ekman<br \/>\n______<\/p>\n<p style=\"text-align: center;\"><strong>Best Drama<\/strong><br \/>\n<strong>Ausencia<\/strong><br \/>\nSebasti\u00e1n Mora (Colombia)<\/p>\n<p style=\"text-align: center;\"><strong>Best Horror<\/strong><br \/>\n<strong>Mama\u2019s Food<\/strong><br \/>\nMat\u00edas G\u00f3mez<\/p>\n<p style=\"text-align: center;\"><strong>Best Animation<\/strong><br \/>\n<strong>Love Story<\/strong><br \/>\nSof\u00eda Molinari<\/p>\n<p style=\"text-align: center;\"><strong>Best Comedy<\/strong><br \/>\n<strong>\u00bfEs eso un gato o un beb\u00e9?<\/strong><br \/>\nGast\u00f3n Remis<\/p>\n<p style=\"text-align: center;\"><strong>Best Video Art<\/strong><br \/>\n<strong>Two Foxholes<\/strong><br \/>\nKang Le (Taiwan)<\/p>\n<p style=\"text-align: center;\"><strong>Gender Perception Mention<\/strong><br \/>\n<strong>Refugio<\/strong><br \/>\nLudmila Chernomoretz<\/p>\n<p style=\"text-align: center;\"><strong>Social Criticism Mention<\/strong><br \/>\n<strong>Hay algo abajo de mi cama<\/strong><br \/>\nJuan Manuel Bisurgi<\/p>\n<p><\/div><\/div><\/div><\/div><\/div><\/div><div class=\"vc_row wpb_row vc_row-fluid\"><div class=\"wpb_column vc_column_container vc_col-sm-12\"><div class=\"vc_column-inner\"><div class=\"wpb_wrapper\"><div class=\"vc_empty_space\"   style=\"height: 32px\"><span class=\"vc_empty_space_inner\"><\/span><\/div><div class=\"vc_btn3-container vc_btn3-center\" ><a class=\"vc_general vc_btn3 vc_btn3-size-lg vc_btn3-shape-square vc_btn3-style-flat vc_btn3-color-purple\" href=\"http:\/\/www.youtube.com\/c\/7siff\" title=\"\">WATCH MOVIES<\/a><\/div><div class=\"vc_empty_space\"   style=\"height: 32px\"><span class=\"vc_empty_space_inner\"><\/span><\/div><\/div><\/div><\/div><\/div>","protected":false},"excerpt":{"rendered":"<p>Listado completo de premios y menciones 7SIFF 2022 &nbsp; Grand Prix Foquito Juli\u00e1n Escandarani Mejor Argentina Foquito Juli\u00e1n Escandarani Mejor Extranjera F Kevin Lucero Less (USA) Voto del p\u00fablico La&hellip;<\/p>","protected":false},"author":1,"featured_media":0,"parent":0,"menu_order":0,"comment_status":"closed","ping_status":"closed","template":"","meta":{"om_disable_all_campaigns":false,"_monsterinsights_skip_tracking":false,"_monsterinsights_sitenote_active":false,"_monsterinsights_sitenote_note":"","_monsterinsights_sitenote_category":0,"ngg_post_thumbnail":0,"footnotes":""},"class_list":["post-57684","page","type-page","status-publish","hentry","description-off"],"aioseo_notices":[],"_links":{"self":[{"href":"https:\/\/7siff.com\/en\/wp-json\/wp\/v2\/pages\/57684"}],"collection":[{"href":"https:\/\/7siff.com\/en\/wp-json\/wp\/v2\/pages"}],"about":[{"href":"https:\/\/7siff.com\/en\/wp-json\/wp\/v2\/types\/page"}],"author":[{"embeddable":true,"href":"https:\/\/7siff.com\/en\/wp-json\/wp\/v2\/users\/1"}],"replies":[{"embeddable":true,"href":"https:\/\/7siff.com\/en\/wp-json\/wp\/v2\/comments?post=57684"}],"version-history":[{"count":41,"href":"https:\/\/7siff.com\/en\/wp-json\/wp\/v2\/pages\/57684\/revisions"}],"predecessor-version":[{"id":58828,"href":"https:\/\/7siff.com\/en\/wp-json\/wp\/v2\/pages\/57684\/revisions\/58828"}],"wp:attachment":[{"href":"https:\/\/7siff.com\/en\/wp-json\/wp\/v2\/media?parent=57684"}],"curies":[{"name":"wp","href":"https:\/\/api.w.org\/{rel}","templated":true}]}}