{"id":57675,"date":"2022-09-12T01:00:40","date_gmt":"2022-09-12T01:00:40","guid":{"rendered":"http:\/\/7siff.com\/?page_id=57675"},"modified":"2023-03-22T17:31:15","modified_gmt":"2023-03-22T17:31:15","slug":"peliculas-2022","status":"publish","type":"page","link":"https:\/\/7siff.com\/en\/peliculas-2022\/","title":{"rendered":"Pel\u00edculas 2022"},"content":{"rendered":"<div class=\"vc_row wpb_row vc_row-fluid\"><div class=\"wpb_column vc_column_container vc_col-sm-3\"><div class=\"vc_column-inner\"><div class=\"wpb_wrapper\">\n\t<div class=\"wpb_text_column wpb_content_element\" >\n\t\t<div class=\"wpb_wrapper\">\n\t\t\t<p style=\"text-align: center;\"><b>COMPETENCIA ARGENTINA<\/b><\/p>\n<p style=\"text-align: center;\">The Butcher<\/p>\n<p style=\"text-align: center;\">Walter Ponte<\/p>\n<p style=\"text-align: center;\">Todo pasa<\/p>\n<p style=\"text-align: center;\">M\u00e1ximo Achinelly<\/p>\n<p style=\"text-align: center;\">Isla M\u00e1gica<\/p>\n<p style=\"text-align: center;\">Mono Artista<\/p>\n<p style=\"text-align: center;\">Incoming Call<\/p>\n<p style=\"text-align: center;\">Eric Barattini<\/p>\n<p style=\"text-align: center;\">Las Aventuras Del Perro Detective<\/p>\n<p style=\"text-align: center;\">Alan Sanz<\/p>\n<p style=\"text-align: center;\">I told you<\/p>\n<p style=\"text-align: center;\">Damian Ramos<\/p>\n<p style=\"text-align: center;\">Alone Again<\/p>\n<p style=\"text-align: center;\">Milton Ekman<\/p>\n<p style=\"text-align: center;\">Quit<\/p>\n<p style=\"text-align: center;\">Ulises Bentaberry<\/p>\n<p style=\"text-align: center;\">Creaci\u00f3n<\/p>\n<p style=\"text-align: center;\">Lisa Mena, Sergio Parrella<\/p>\n<p style=\"text-align: center;\">Mama\u2019s food<\/p>\n<p style=\"text-align: center;\">Matias Joaquin Gomez<\/p>\n<p style=\"text-align: center;\">Edipo en siete<\/p>\n<p style=\"text-align: center;\">Julian Escandarani<\/p>\n<p style=\"text-align: center;\">El permitido<\/p>\n<p style=\"text-align: center;\">Julian Escandarani<\/p>\n<p style=\"text-align: center;\">Foquito<\/p>\n<p style=\"text-align: center;\">Julian Escandarani<\/p>\n<p style=\"text-align: center;\">Y2K: El Efecto 2000<\/p>\n<p style=\"text-align: center;\">Frankets Films<\/p>\n<p style=\"text-align: center;\">\u00bfEso es un Gato o un Beb\u00e9?<\/p>\n<p style=\"text-align: center;\">Gaston\u00a0Remis<\/p>\n<p style=\"text-align: center;\">Madnews<\/p>\n<p style=\"text-align: center;\">Gast\u00f3n Altamirano<\/p>\n<p style=\"text-align: center;\">Mi primer corto<\/p>\n<p style=\"text-align: center;\">Juan Manuel Bisurgi<\/p>\n<p style=\"text-align: center;\">Hay algo abajo de mi cama<\/p>\n<p style=\"text-align: center;\">Juan Manuel Bisurgi<\/p>\n<p style=\"text-align: center;\">Love Story<br \/>\nSofia Molinari<\/p>\n\n\t\t<\/div>\n\t<\/div>\n<\/div><\/div><\/div><div class=\"wpb_column vc_column_container vc_col-sm-3\"><div class=\"vc_column-inner\"><div class=\"wpb_wrapper\">\n\t<div class=\"wpb_text_column wpb_content_element\" >\n\t\t<div class=\"wpb_wrapper\">\n\t\t\t<p style=\"text-align: center;\"><b>COMPETENCIA INTERNACIONAL<\/b><\/p>\n<p style=\"text-align: center;\">F<\/p>\n<p style=\"text-align: center;\">Kevin Lucero Less<\/p>\n<p style=\"text-align: center;\">United States<\/p>\n<p style=\"text-align: center;\">Late Night Craving<\/p>\n<p style=\"text-align: center;\">Aggi Dilimanto<\/p>\n<p style=\"text-align: center;\">Indonesia<\/p>\n<p style=\"text-align: center;\">Two foxholes<\/p>\n<p style=\"text-align: center;\">Kang Le<\/p>\n<p style=\"text-align: center;\">Taiwan<\/p>\n<p style=\"text-align: center;\">LatinAmerican Love<\/p>\n<p style=\"text-align: center;\">Miguel Apaza Jimenez<\/p>\n<p style=\"text-align: center;\">Peru<\/p>\n<p style=\"text-align: center;\">The Hypnotist<\/p>\n<p style=\"text-align: center;\">Jack Wake-Walker, Paolo Ferrante, James Riding<\/p>\n<p style=\"text-align: center;\">United Kingdom<\/p>\n<p style=\"text-align: center;\">Ausencia<\/p>\n<p style=\"text-align: center;\">Sebastian Mora<\/p>\n<p style=\"text-align: center;\">Colombia<\/p>\n<p style=\"text-align: center;\">Parlor wall<\/p>\n<p style=\"text-align: center;\">Nikolay Vishchi<\/p>\n<p style=\"text-align: center;\">Russian Federation<\/p>\n\n\t\t<\/div>\n\t<\/div>\n<\/div><\/div><\/div><div class=\"wpb_column vc_column_container vc_col-sm-3\"><div class=\"vc_column-inner\"><div class=\"wpb_wrapper\">\n\t<div class=\"wpb_text_column wpb_content_element\" >\n\t\t<div class=\"wpb_wrapper\">\n\t\t\t<p style=\"text-align: center;\"><b>COMPETENCIA UNIVERSITARIA<\/b><\/p>\n<p style=\"text-align: center;\">Un viaje al infierno<\/p>\n<p style=\"text-align: center;\">Fran Zucal H.<\/p>\n<p style=\"text-align: center;\">Aquarius<\/p>\n<p style=\"text-align: center;\">Zs\u00f3fia Sz\u00e9n\u00e1sy<\/p>\n<p style=\"text-align: center;\">Change The World<\/p>\n<p style=\"text-align: center;\">Miguel Cer\u00f3n<\/p>\n<p style=\"text-align: center;\">Catarsis<\/p>\n<p style=\"text-align: center;\">Abru G<\/p>\n<p style=\"text-align: center;\">Corre hermana corre<\/p>\n<p style=\"text-align: center;\">Yani D\u00e1valos<\/p>\n<p style=\"text-align: center;\">Finale?<\/p>\n<p style=\"text-align: center;\">Franco Garc\u00eda<\/p>\n<p style=\"text-align: center;\">Refugio<\/p>\n<p style=\"text-align: center;\">Ludmila Chernomoretz<\/p>\n<p style=\"text-align: center;\">Fin de mes<\/p>\n<p style=\"text-align: center;\">Ignacio Ricchetti<\/p>\n<p style=\"text-align: center;\">Prescindible<\/p>\n<p style=\"text-align: center;\">Ignacio Ricchetti<\/p>\n<p style=\"text-align: center;\">A(mar)me<\/p>\n<p style=\"text-align: center;\">Ludmila Chernomoretz<\/p>\n<p style=\"text-align: center;\">Redenci\u00f3n<\/p>\n<p style=\"text-align: center;\">Francisco Zucal Hern\u00e1ez, Joan Caled Santana, Facundo Joaqu\u00edn Guantay<\/p>\n<p style=\"text-align: center;\">Te abrazo m\u00e1s fuerte que la realidad<\/p>\n<p style=\"text-align: center;\">Julio Sanchez<\/p>\n<p style=\"text-align: center;\">Snack de medianoche<\/p>\n<p style=\"text-align: center;\">Fran Zucal H.<\/p>\n<p style=\"text-align: center;\">I do<\/p>\n<p style=\"text-align: center;\">Agust\u00edn Fittipaldi y Florencia Ailin Gonz\u00e1lez<\/p>\n<p style=\"text-align: center;\">.<\/p>\n\n\t\t<\/div>\n\t<\/div>\n<\/div><\/div><\/div><div class=\"wpb_column vc_column_container vc_col-sm-3\"><div class=\"vc_column-inner\"><div class=\"wpb_wrapper\">\n\t<div class=\"wpb_text_column wpb_content_element\" >\n\t\t<div class=\"wpb_wrapper\">\n\t\t\t<p style=\"text-align: center;\"><b>PROYECCI\u00d3N FUERA DE COMPETENCIA<\/b><\/p>\n<p style=\"text-align: center;\">Todo no tan bien<\/p>\n<p style=\"text-align: center;\">Franco Acu\u00f1a<\/p>\n<p style=\"text-align: center;\">The Stillness<\/p>\n<p style=\"text-align: center;\">Karina Grinstein<\/p>\n<p style=\"text-align: center;\">\u00a1ey the vegetables!<\/p>\n<p style=\"text-align: center;\">Josue Bogado<\/p>\n<p style=\"text-align: center;\">La maniobra<\/p>\n<p style=\"text-align: center;\">Mayra Santucho<\/p>\n<p style=\"text-align: center;\">Vanitatis<\/p>\n<p style=\"text-align: center;\">Susana Barbara<\/p>\n<p style=\"text-align: center;\">7\u2033 the porn radio show<\/p>\n<p style=\"text-align: center;\">Vincenzo De Sio<\/p>\n<p style=\"text-align: center;\">The diary of Blue<\/p>\n<p style=\"text-align: center;\">Javier Demaria<\/p>\n<p style=\"text-align: center;\">The Island<\/p>\n<p style=\"text-align: center;\">Mar\u00eda Victoria Darias<\/p>\n<p style=\"text-align: center;\">Always going up<\/p>\n<p style=\"text-align: center;\">Alvaro David Pitola<\/p>\n<p style=\"text-align: center;\">Popsie<\/p>\n<p style=\"text-align: center;\">Nicolas Galliano<\/p>\n<p style=\"text-align: center;\">Esperar<\/p>\n<p style=\"text-align: center;\">Ornella Ugalde<\/p>\n<p style=\"text-align: center;\">Hu\u00e9rfanos<\/p>\n<p style=\"text-align: center;\">Samara Martinez<\/p>\n<p style=\"text-align: center;\">Contratiempo<\/p>\n<p style=\"text-align: center;\">Florencia Mollica<\/p>\n<p style=\"text-align: center;\">The miracle<\/p>\n<p style=\"text-align: center;\">Daniela Rodr\u00edguez Mincey<\/p>\n<p style=\"text-align: center;\">HDM-You<\/p>\n<p style=\"text-align: center;\">Daniela Rodr\u00edguez Mincey<\/p>\n<p style=\"text-align: center;\">Penny.jpg<\/p>\n<p style=\"text-align: center;\">Daniela Rodr\u00edguez Mincey<\/p>\n<p style=\"text-align: center;\">Mask<\/p>\n<p style=\"text-align: center;\">Jos\u00e9 Gorosito<\/p>\n<p style=\"text-align: center;\">Morgue<\/p>\n<p style=\"text-align: center;\">Martin Galimany<\/p>\n<p style=\"text-align: center;\">Rinraje<\/p>\n<p style=\"text-align: center;\">Francisco Zucal Hern\u00e1ez, Joan Caled Santana<\/p>\n<p style=\"text-align: center;\">I.C. vs. Ella<\/p>\n<p style=\"text-align: center;\">Julieta Ferrando<\/p>\n<p style=\"text-align: center;\">After One<\/p>\n<p style=\"text-align: center;\">Sofi Moavro<\/p>\n<p style=\"text-align: center;\">Thou shalt not covet thy neighbour\u2019s wife<\/p>\n<p style=\"text-align: center;\">Alejo Mendoza<\/p>\n<p style=\"text-align: center;\">Last Seconds<\/p>\n<p style=\"text-align: center;\">Mart\u00edn Osorio<\/p>\n<p style=\"text-align: center;\">Harmony<\/p>\n<p style=\"text-align: center;\">Zoe Ramirez<\/p>\n<p style=\"text-align: center;\">Bang<\/p>\n<p style=\"text-align: center;\">Santiago Nicolas Gutierrez<\/p>\n<p style=\"text-align: center;\">Enuresis Nocturna<\/p>\n<p style=\"text-align: center;\">Camilo Gil Silva<\/p>\n<p style=\"text-align: center;\">Fire<\/p>\n<p style=\"text-align: center;\">Emmanuel Lobo, Tomas Mayora<\/p>\n<p style=\"text-align: center;\">Others<\/p>\n<p style=\"text-align: center;\">Jorge Armando Pattroni Z\u00fa\u00f1iga<\/p>\n<p style=\"text-align: center;\">The one of shame<\/p>\n<p style=\"text-align: center;\">Zoe Ramirez<\/p>\n<p style=\"text-align: center;\">The innocence<\/p>\n<p style=\"text-align: center;\">Pablo Ezequiel D\u2019Amico<\/p>\n<p style=\"text-align: center;\">In plain sight<\/p>\n<p style=\"text-align: center;\">Marco Petroselli<\/p>\n<p style=\"text-align: center;\">Duele<\/p>\n<p style=\"text-align: center;\">Luciana Yervoni<\/p>\n<p style=\"text-align: center;\">En el aire<\/p>\n<p style=\"text-align: center;\">Juan Menoni<\/p>\n<p style=\"text-align: center;\">Be yourself<\/p>\n<p style=\"text-align: center;\">G\u00fcl Yildirim<\/p>\n<p style=\"text-align: center;\">Vampire Millennial<\/p>\n<p style=\"text-align: center;\">Juan Cruz Dominguez<\/p>\n<p style=\"text-align: center;\">To Turn Off The Stars<\/p>\n<p style=\"text-align: center;\">Margot Cavret<\/p>\n<p style=\"text-align: center;\">Unusual Beauty, variations on Alejandra Pizarnik<\/p>\n<p style=\"text-align: center;\">Soko Rodrigo<\/p>\n<p style=\"text-align: center;\">Discorso sopra i massimi sistemi della produzione cinematografica<\/p>\n<p style=\"text-align: center;\">Pietro Angelini<\/p>\n<p style=\"text-align: center;\">The stilness, the kiss and the flower<\/p>\n<p style=\"text-align: center;\">Karina Grinstein<\/p>\n<p style=\"text-align: center;\">Dog In Translation<\/p>\n<p style=\"text-align: center;\">Festival Formula<\/p>\n<p style=\"text-align: center;\">Sheep<\/p>\n<p style=\"text-align: center;\">Dmitrijs Stepins<\/p>\n<p style=\"text-align: center;\">Dirty Sally<\/p>\n<p style=\"text-align: center;\">Ross McClure<\/p>\n<p style=\"text-align: center;\">Handle With Care<\/p>\n<p style=\"text-align: center;\">Ross McClure<\/p>\n<p style=\"text-align: center;\">Beast<\/p>\n<p style=\"text-align: center;\">Manu Pianesi<\/p>\n<p style=\"text-align: center;\">Farewell<\/p>\n<p style=\"text-align: center;\">Zs\u00f3fia Sz\u00e9n\u00e1sy<\/p>\n<p style=\"text-align: center;\">Tzithu<\/p>\n<p style=\"text-align: center;\">Oscar Ortega Navoa<\/p>\n<p style=\"text-align: center;\">Run Nuki!: Dancing with the Moon<\/p>\n<p style=\"text-align: center;\">Pedro Juli\u00e1<\/p>\n<p style=\"text-align: center;\">The Scarecrow<\/p>\n<p style=\"text-align: center;\">Iv\u00e1n Portillo<\/p>\n<p style=\"text-align: center;\">Pandora\u2019s Unboxing<\/p>\n<p style=\"text-align: center;\">Iv\u00e1n Portillo<\/p>\n<p style=\"text-align: center;\">Orange<\/p>\n<p style=\"text-align: center;\">Andy Garnica Iriarte<\/p>\n<p style=\"text-align: center;\">Realize<\/p>\n<p style=\"text-align: center;\">Mariano Conti<\/p>\n<p style=\"text-align: center;\">Is there room for metaphor?<\/p>\n<p style=\"text-align: center;\">Susana Barbara<\/p>\n<p style=\"text-align: center;\">Urpus, Leyendas de terror<\/p>\n<p style=\"text-align: center;\">Ruth Gomez<\/p>\n<p style=\"text-align: center;\">Everytime Further<\/p>\n<p style=\"text-align: center;\">Kenneth Xavier Largo<\/p>\n<p style=\"text-align: center;\">J.E.D<\/p>\n<p style=\"text-align: center;\">Bruno Carabajal<\/p>\n<p style=\"text-align: center;\">Plasticocene<\/p>\n<p style=\"text-align: center;\">Paz Guerrero<\/p>\n<p style=\"text-align: center;\">Boundary Of Time<\/p>\n<p style=\"text-align: center;\">Kevin Lucero Less<\/p>\n<p style=\"text-align: center;\">The Rise<\/p>\n<p style=\"text-align: center;\">Alesja Suzdaltseva<\/p>\n<p style=\"text-align: center;\">Karamelltjuven<\/p>\n<p style=\"text-align: center;\">Malin \u00c5hlberg Olsson<\/p>\n<p style=\"text-align: center;\">The Melody of Loneliness<\/p>\n<p style=\"text-align: center;\">Samira Azimian<\/p>\n<p style=\"text-align: center;\">Hope overcomes everything<\/p>\n<p style=\"text-align: center;\">Yana Shinkarenko (Belyaeva)<\/p>\n\n\t\t<\/div>\n\t<\/div>\n<\/div><\/div><\/div><\/div>","protected":false},"excerpt":{"rendered":"<p>COMPETENCIA ARGENTINA The Butcher Walter Ponte Todo pasa M\u00e1ximo Achinelly Isla M\u00e1gica Mono Artista Incoming Call Eric Barattini Las Aventuras Del Perro Detective Alan Sanz I told you Damian Ramos&hellip;<\/p>","protected":false},"author":1,"featured_media":0,"parent":0,"menu_order":0,"comment_status":"closed","ping_status":"closed","template":"","meta":{"om_disable_all_campaigns":false,"_monsterinsights_skip_tracking":false,"_monsterinsights_sitenote_active":false,"_monsterinsights_sitenote_note":"","_monsterinsights_sitenote_category":0,"ngg_post_thumbnail":0,"footnotes":""},"class_list":["post-57675","page","type-page","status-publish","hentry","description-off"],"aioseo_notices":[],"_links":{"self":[{"href":"https:\/\/7siff.com\/en\/wp-json\/wp\/v2\/pages\/57675"}],"collection":[{"href":"https:\/\/7siff.com\/en\/wp-json\/wp\/v2\/pages"}],"about":[{"href":"https:\/\/7siff.com\/en\/wp-json\/wp\/v2\/types\/page"}],"author":[{"embeddable":true,"href":"https:\/\/7siff.com\/en\/wp-json\/wp\/v2\/users\/1"}],"replies":[{"embeddable":true,"href":"https:\/\/7siff.com\/en\/wp-json\/wp\/v2\/comments?post=57675"}],"version-history":[{"count":49,"href":"https:\/\/7siff.com\/en\/wp-json\/wp\/v2\/pages\/57675\/revisions"}],"predecessor-version":[{"id":58062,"href":"https:\/\/7siff.com\/en\/wp-json\/wp\/v2\/pages\/57675\/revisions\/58062"}],"wp:attachment":[{"href":"https:\/\/7siff.com\/en\/wp-json\/wp\/v2\/media?parent=57675"}],"curies":[{"name":"wp","href":"https:\/\/api.w.org\/{rel}","templated":true}]}}