{"id":57650,"date":"2022-07-27T16:07:03","date_gmt":"2022-07-27T16:07:03","guid":{"rendered":"http:\/\/7siff.com\/?page_id=57650"},"modified":"2025-09-04T01:59:12","modified_gmt":"2025-09-04T01:59:12","slug":"inscripciones","status":"publish","type":"page","link":"https:\/\/7siff.com\/en\/inscripciones\/","title":{"rendered":"Inscripciones"},"content":{"rendered":"<div class=\"vc_row wpb_row vc_row-fluid\"><div class=\"wpb_column vc_column_container vc_col-sm-3\"><div class=\"vc_column-inner\"><div class=\"wpb_wrapper\"><\/div><\/div><\/div><div class=\"wpb_column vc_column_container vc_col-sm-6\"><div class=\"vc_column-inner\"><div class=\"wpb_wrapper\">\n\t<div class=\"wpb_text_column wpb_content_element\" >\n\t\t<div class=\"wpb_wrapper\">\n\t\t\t<h1 style=\"text-align: center;\"><strong>Submissions area<\/strong><\/h1>\n\n\t\t<\/div>\n\t<\/div>\n<div class=\"vc_empty_space\"   style=\"height: 32px\"><span class=\"vc_empty_space_inner\"><\/span><\/div>\n\t<div class=\"wpb_text_column wpb_content_element\" >\n\t\t<div class=\"wpb_wrapper\">\n\t\t\t<h3 style=\"text-align: center;\">If you are here, it means that your movie was selected for the 7SIFF 2025. Now pay attention for the next steps.<\/h3>\n\n\t\t<\/div>\n\t<\/div>\n<\/div><\/div><\/div><div class=\"wpb_column vc_column_container vc_col-sm-3\"><div class=\"vc_column-inner\"><div class=\"wpb_wrapper\"><\/div><\/div><\/div><\/div><div class=\"vc_row wpb_row vc_row-fluid\"><div class=\"wpb_column vc_column_container vc_col-sm-12\"><div class=\"vc_column-inner\"><div class=\"wpb_wrapper\"><div class=\"vc_empty_space\"   style=\"height: 32px\"><span class=\"vc_empty_space_inner\"><\/span><\/div>\n\t<div  class=\"wpb_single_image wpb_content_element vc_align_center\">\n\t\t\n\t\t<figure class=\"wpb_wrapper vc_figure\">\n\t\t\t<div class=\"vc_single_image-wrapper   vc_box_border_grey\"><img loading=\"lazy\" decoding=\"async\" width=\"1600\" height=\"1280\" src=\"https:\/\/7siff.com\/wp-content\/uploads\/2025\/09\/2.jpg\" class=\"vc_single_image-img attachment-full\" alt=\"\" title=\"1\" srcset=\"https:\/\/7siff.com\/wp-content\/uploads\/2025\/09\/2.jpg 1600w, https:\/\/7siff.com\/wp-content\/uploads\/2025\/09\/2-300x240.jpg 300w, https:\/\/7siff.com\/wp-content\/uploads\/2025\/09\/2-1024x819.jpg 1024w, https:\/\/7siff.com\/wp-content\/uploads\/2025\/09\/2-768x614.jpg 768w, https:\/\/7siff.com\/wp-content\/uploads\/2025\/09\/2-1536x1229.jpg 1536w, https:\/\/7siff.com\/wp-content\/uploads\/2025\/09\/2-15x12.jpg 15w\" sizes=\"(max-width: 1600px) 100vw, 1600px\"  data-dt-location=\"https:\/\/7siff.com\/en\/inscripciones\/1-9\/\" \/><\/div>\n\t\t<\/figure>\n\t<\/div>\n\n\t<div  class=\"wpb_single_image wpb_content_element vc_align_center\">\n\t\t\n\t\t<figure class=\"wpb_wrapper vc_figure\">\n\t\t\t<div class=\"vc_single_image-wrapper   vc_box_border_grey\"><img loading=\"lazy\" decoding=\"async\" width=\"1600\" height=\"1280\" src=\"https:\/\/7siff.com\/wp-content\/uploads\/2025\/09\/4.jpg\" class=\"vc_single_image-img attachment-full\" alt=\"\" title=\"3\" srcset=\"https:\/\/7siff.com\/wp-content\/uploads\/2025\/09\/4.jpg 1600w, https:\/\/7siff.com\/wp-content\/uploads\/2025\/09\/4-300x240.jpg 300w, https:\/\/7siff.com\/wp-content\/uploads\/2025\/09\/4-1024x819.jpg 1024w, https:\/\/7siff.com\/wp-content\/uploads\/2025\/09\/4-768x614.jpg 768w, https:\/\/7siff.com\/wp-content\/uploads\/2025\/09\/4-1536x1229.jpg 1536w, https:\/\/7siff.com\/wp-content\/uploads\/2025\/09\/4-15x12.jpg 15w\" sizes=\"(max-width: 1600px) 100vw, 1600px\"  data-dt-location=\"https:\/\/7siff.com\/en\/inscripciones\/3-8\/\" \/><\/div>\n\t\t<\/figure>\n\t<\/div>\n\n\t<div  class=\"wpb_single_image wpb_content_element vc_align_center\">\n\t\t\n\t\t<figure class=\"wpb_wrapper vc_figure\">\n\t\t\t<a href=\"https:\/\/drive.google.com\/file\/d\/1frbaD_uHakohTyowDU3lH3Tp1JsPXZAp\/view?usp=sharing\" target=\"_blank\"  class=\"vc_single_image-wrapper   vc_box_border_grey rollover\" data-large_image_width=\"1024\" data-large_image_height = \"819\"    data-pretty-share=\"facebook,twitter,pinterest,linkedin\"  ><img loading=\"lazy\" decoding=\"async\" width=\"1600\" height=\"1280\" src=\"https:\/\/7siff.com\/wp-content\/uploads\/2025\/09\/6-1.jpg\" class=\"vc_single_image-img attachment-full\" alt=\"\" title=\"5\" srcset=\"https:\/\/7siff.com\/wp-content\/uploads\/2025\/09\/6-1.jpg 1600w, https:\/\/7siff.com\/wp-content\/uploads\/2025\/09\/6-1-300x240.jpg 300w, https:\/\/7siff.com\/wp-content\/uploads\/2025\/09\/6-1-1024x819.jpg 1024w, https:\/\/7siff.com\/wp-content\/uploads\/2025\/09\/6-1-768x614.jpg 768w, https:\/\/7siff.com\/wp-content\/uploads\/2025\/09\/6-1-1536x1229.jpg 1536w, https:\/\/7siff.com\/wp-content\/uploads\/2025\/09\/6-1-15x12.jpg 15w\" sizes=\"(max-width: 1600px) 100vw, 1600px\"  data-dt-location=\"https:\/\/7siff.com\/en\/inscripciones\/5-5\/\" \/><\/a>\n\t\t<\/figure>\n\t<\/div>\n\n\t<div  class=\"wpb_single_image wpb_content_element vc_align_center\">\n\t\t\n\t\t<figure class=\"wpb_wrapper vc_figure\">\n\t\t\t<a href=\"https:\/\/drive.google.com\/file\/d\/1b7sS4U46eGI9VTP7JpxledQBbN3cGzG6\/view?usp=sharing\" target=\"_blank\"  class=\"vc_single_image-wrapper   vc_box_border_grey rollover\" data-large_image_width=\"1024\" data-large_image_height = \"819\"    data-pretty-share=\"facebook,twitter,pinterest,linkedin\"  ><img loading=\"lazy\" decoding=\"async\" width=\"1600\" height=\"1280\" src=\"https:\/\/7siff.com\/wp-content\/uploads\/2025\/09\/8.jpg\" class=\"vc_single_image-img attachment-full\" alt=\"\" title=\"7\" srcset=\"https:\/\/7siff.com\/wp-content\/uploads\/2025\/09\/8.jpg 1600w, https:\/\/7siff.com\/wp-content\/uploads\/2025\/09\/8-300x240.jpg 300w, https:\/\/7siff.com\/wp-content\/uploads\/2025\/09\/8-1024x819.jpg 1024w, https:\/\/7siff.com\/wp-content\/uploads\/2025\/09\/8-768x614.jpg 768w, https:\/\/7siff.com\/wp-content\/uploads\/2025\/09\/8-1536x1229.jpg 1536w, https:\/\/7siff.com\/wp-content\/uploads\/2025\/09\/8-15x12.jpg 15w\" sizes=\"(max-width: 1600px) 100vw, 1600px\"  data-dt-location=\"https:\/\/7siff.com\/en\/inscripciones\/7-4\/\" \/><\/a>\n\t\t<\/figure>\n\t<\/div>\n\n\t<div  class=\"wpb_single_image wpb_content_element vc_align_center\">\n\t\t\n\t\t<figure class=\"wpb_wrapper vc_figure\">\n\t\t\t<div class=\"vc_single_image-wrapper   vc_box_border_grey\"><img loading=\"lazy\" decoding=\"async\" width=\"1600\" height=\"1280\" src=\"https:\/\/7siff.com\/wp-content\/uploads\/2025\/09\/10.jpg\" class=\"vc_single_image-img attachment-full\" alt=\"\" title=\"9\" srcset=\"https:\/\/7siff.com\/wp-content\/uploads\/2025\/09\/10.jpg 1600w, https:\/\/7siff.com\/wp-content\/uploads\/2025\/09\/10-300x240.jpg 300w, https:\/\/7siff.com\/wp-content\/uploads\/2025\/09\/10-1024x819.jpg 1024w, https:\/\/7siff.com\/wp-content\/uploads\/2025\/09\/10-768x614.jpg 768w, https:\/\/7siff.com\/wp-content\/uploads\/2025\/09\/10-1536x1229.jpg 1536w, https:\/\/7siff.com\/wp-content\/uploads\/2025\/09\/10-15x12.jpg 15w\" sizes=\"(max-width: 1600px) 100vw, 1600px\"  data-dt-location=\"https:\/\/7siff.com\/en\/inscripciones\/9-5\/\" \/><\/div>\n\t\t<\/figure>\n\t<\/div>\n\n\t<div  class=\"wpb_single_image wpb_content_element vc_align_center\">\n\t\t\n\t\t<figure class=\"wpb_wrapper vc_figure\">\n\t\t\t<a href=\"https:\/\/7siff-sendfiles.mediashuttle.com\/\" target=\"_blank\"  class=\"vc_single_image-wrapper   vc_box_border_grey rollover\" data-large_image_width=\"1024\" data-large_image_height = \"819\"    data-pretty-share=\"facebook,twitter,pinterest,linkedin\"  ><img loading=\"lazy\" decoding=\"async\" width=\"1600\" height=\"1280\" src=\"https:\/\/7siff.com\/wp-content\/uploads\/2025\/09\/12.jpg\" class=\"vc_single_image-img attachment-full\" alt=\"\" title=\"11\" srcset=\"https:\/\/7siff.com\/wp-content\/uploads\/2025\/09\/12.jpg 1600w, https:\/\/7siff.com\/wp-content\/uploads\/2025\/09\/12-300x240.jpg 300w, https:\/\/7siff.com\/wp-content\/uploads\/2025\/09\/12-1024x819.jpg 1024w, https:\/\/7siff.com\/wp-content\/uploads\/2025\/09\/12-768x614.jpg 768w, https:\/\/7siff.com\/wp-content\/uploads\/2025\/09\/12-1536x1229.jpg 1536w, https:\/\/7siff.com\/wp-content\/uploads\/2025\/09\/12-15x12.jpg 15w\" sizes=\"(max-width: 1600px) 100vw, 1600px\"  data-dt-location=\"https:\/\/7siff.com\/en\/inscripciones\/11-2\/\" \/><\/a>\n\t\t<\/figure>\n\t<\/div>\n\n\t<div  class=\"wpb_single_image wpb_content_element vc_align_center\">\n\t\t\n\t\t<figure class=\"wpb_wrapper vc_figure\">\n\t\t\t<a href=\"https:\/\/drive.google.com\/drive\/folders\/1MQVgWGYRcExDov_8eVJgge71Elf3nfp-?usp=sharing\" target=\"_blank\"  class=\"vc_single_image-wrapper   vc_box_border_grey rollover\" data-large_image_width=\"1024\" data-large_image_height = \"819\"    data-pretty-share=\"facebook,twitter,pinterest,linkedin\"  ><img loading=\"lazy\" decoding=\"async\" width=\"1600\" height=\"1280\" src=\"https:\/\/7siff.com\/wp-content\/uploads\/2025\/09\/14-1.jpg\" class=\"vc_single_image-img attachment-full\" alt=\"\" title=\"13\" srcset=\"https:\/\/7siff.com\/wp-content\/uploads\/2025\/09\/14-1.jpg 1600w, https:\/\/7siff.com\/wp-content\/uploads\/2025\/09\/14-1-300x240.jpg 300w, https:\/\/7siff.com\/wp-content\/uploads\/2025\/09\/14-1-1024x819.jpg 1024w, https:\/\/7siff.com\/wp-content\/uploads\/2025\/09\/14-1-768x614.jpg 768w, https:\/\/7siff.com\/wp-content\/uploads\/2025\/09\/14-1-1536x1229.jpg 1536w, https:\/\/7siff.com\/wp-content\/uploads\/2025\/09\/14-1-15x12.jpg 15w\" sizes=\"(max-width: 1600px) 100vw, 1600px\"  data-dt-location=\"https:\/\/7siff.com\/en\/inscripciones\/13-2\/\" \/><\/a>\n\t\t<\/figure>\n\t<\/div>\n\n\t<div  class=\"wpb_single_image wpb_content_element vc_align_center\">\n\t\t\n\t\t<figure class=\"wpb_wrapper vc_figure\">\n\t\t\t<div class=\"vc_single_image-wrapper   vc_box_border_grey\"><img loading=\"lazy\" decoding=\"async\" width=\"1600\" height=\"1280\" src=\"https:\/\/7siff.com\/wp-content\/uploads\/2025\/09\/15-2.jpg\" class=\"vc_single_image-img attachment-full\" alt=\"\" title=\"16\" srcset=\"https:\/\/7siff.com\/wp-content\/uploads\/2025\/09\/15-2.jpg 1600w, https:\/\/7siff.com\/wp-content\/uploads\/2025\/09\/15-2-300x240.jpg 300w, https:\/\/7siff.com\/wp-content\/uploads\/2025\/09\/15-2-1024x819.jpg 1024w, https:\/\/7siff.com\/wp-content\/uploads\/2025\/09\/15-2-768x614.jpg 768w, https:\/\/7siff.com\/wp-content\/uploads\/2025\/09\/15-2-1536x1229.jpg 1536w, https:\/\/7siff.com\/wp-content\/uploads\/2025\/09\/15-2-15x12.jpg 15w\" sizes=\"(max-width: 1600px) 100vw, 1600px\"  data-dt-location=\"https:\/\/7siff.com\/en\/inscripciones\/16-3\/\" \/><\/div>\n\t\t<\/figure>\n\t<\/div>\n\n\t<div class=\"wpb_text_column wpb_content_element\" >\n\t\t<div class=\"wpb_wrapper\">\n\t\t\t<h3 style=\"text-align: center;\">* how to fill the form<\/h3>\n\n\t\t<\/div>\n\t<\/div>\n\n\t<div  class=\"wpb_single_image wpb_content_element vc_align_center\">\n\t\t\n\t\t<figure class=\"wpb_wrapper vc_figure\">\n\t\t\t<div class=\"vc_single_image-wrapper   vc_box_border_grey\"><img loading=\"lazy\" decoding=\"async\" data-vc-zoom=\"https:\/\/7siff.com\/wp-content\/uploads\/2023\/08\/Inscripciones-7SIFF-1080-\u00d7-1500-px-1-737x1024.jpg\" width=\"1080\" height=\"1500\" src=\"https:\/\/7siff.com\/wp-content\/uploads\/2023\/08\/Inscripciones-7SIFF-1080-\u00d7-1500-px-1.jpg\" class=\"vc_single_image-img attachment-full\" alt=\"\" title=\"Inscripciones 7SIFF (1080 \u00d7 1500\u00a0px) (1)\" srcset=\"https:\/\/7siff.com\/wp-content\/uploads\/2023\/08\/Inscripciones-7SIFF-1080-\u00d7-1500-px-1.jpg 1080w, https:\/\/7siff.com\/wp-content\/uploads\/2023\/08\/Inscripciones-7SIFF-1080-\u00d7-1500-px-1-216x300.jpg 216w, https:\/\/7siff.com\/wp-content\/uploads\/2023\/08\/Inscripciones-7SIFF-1080-\u00d7-1500-px-1-737x1024.jpg 737w, https:\/\/7siff.com\/wp-content\/uploads\/2023\/08\/Inscripciones-7SIFF-1080-\u00d7-1500-px-1-768x1067.jpg 768w, https:\/\/7siff.com\/wp-content\/uploads\/2023\/08\/Inscripciones-7SIFF-1080-\u00d7-1500-px-1-9x12.jpg 9w\" sizes=\"(max-width: 1080px) 100vw, 1080px\"  data-dt-location=\"https:\/\/7siff.com\/en\/inscripciones\/inscripciones-7siff-1080-x-1500-px-1\/\" \/><\/div>\n\t\t<\/figure>\n\t<\/div>\n\n\t<div  class=\"wpb_single_image wpb_content_element vc_align_center\">\n\t\t\n\t\t<figure class=\"wpb_wrapper vc_figure\">\n\t\t\t<div class=\"vc_single_image-wrapper   vc_box_border_grey\"><img loading=\"lazy\" decoding=\"async\" width=\"1600\" height=\"1280\" src=\"https:\/\/7siff.com\/wp-content\/uploads\/2025\/09\/16.jpg\" class=\"vc_single_image-img attachment-full\" alt=\"\" title=\"15\" srcset=\"https:\/\/7siff.com\/wp-content\/uploads\/2025\/09\/16.jpg 1600w, https:\/\/7siff.com\/wp-content\/uploads\/2025\/09\/16-300x240.jpg 300w, https:\/\/7siff.com\/wp-content\/uploads\/2025\/09\/16-1024x819.jpg 1024w, https:\/\/7siff.com\/wp-content\/uploads\/2025\/09\/16-768x614.jpg 768w, https:\/\/7siff.com\/wp-content\/uploads\/2025\/09\/16-1536x1229.jpg 1536w, https:\/\/7siff.com\/wp-content\/uploads\/2025\/09\/16-15x12.jpg 15w\" sizes=\"(max-width: 1600px) 100vw, 1600px\"  data-dt-location=\"https:\/\/7siff.com\/en\/inscripciones\/attachment\/15\/\" \/><\/div>\n\t\t<\/figure>\n\t<\/div>\n<div class=\"vc_empty_space\"   style=\"height: 32px\"><span class=\"vc_empty_space_inner\"><\/span><\/div><\/div><\/div><\/div><\/div>","protected":false},"excerpt":{"rendered":"<p>\u00c1rea de inscripciones Si llegaste ac\u00e1 es porque quedaste seleccionado para formar parte de 7SIFF 2025. Ahora para confirmar tu participaci\u00f3n necesitamos que completes las siguientes tareas. * instructivo de&hellip;<\/p>","protected":false},"author":1,"featured_media":0,"parent":0,"menu_order":0,"comment_status":"closed","ping_status":"closed","template":"","meta":{"om_disable_all_campaigns":false,"_monsterinsights_skip_tracking":false,"_monsterinsights_sitenote_active":false,"_monsterinsights_sitenote_note":"","_monsterinsights_sitenote_category":0,"ngg_post_thumbnail":0,"footnotes":""},"class_list":["post-57650","page","type-page","status-publish","hentry","description-off"],"aioseo_notices":[],"_links":{"self":[{"href":"https:\/\/7siff.com\/en\/wp-json\/wp\/v2\/pages\/57650"}],"collection":[{"href":"https:\/\/7siff.com\/en\/wp-json\/wp\/v2\/pages"}],"about":[{"href":"https:\/\/7siff.com\/en\/wp-json\/wp\/v2\/types\/page"}],"author":[{"embeddable":true,"href":"https:\/\/7siff.com\/en\/wp-json\/wp\/v2\/users\/1"}],"replies":[{"embeddable":true,"href":"https:\/\/7siff.com\/en\/wp-json\/wp\/v2\/comments?post=57650"}],"version-history":[{"count":25,"href":"https:\/\/7siff.com\/en\/wp-json\/wp\/v2\/pages\/57650\/revisions"}],"predecessor-version":[{"id":59628,"href":"https:\/\/7siff.com\/en\/wp-json\/wp\/v2\/pages\/57650\/revisions\/59628"}],"wp:attachment":[{"href":"https:\/\/7siff.com\/en\/wp-json\/wp\/v2\/media?parent=57650"}],"curies":[{"name":"wp","href":"https:\/\/api.w.org\/{rel}","templated":true}]}}