{"id":57611,"date":"2022-04-25T15:39:44","date_gmt":"2022-04-25T15:39:44","guid":{"rendered":"http:\/\/7siff.com\/?page_id=57611"},"modified":"2024-03-16T18:02:58","modified_gmt":"2024-03-16T18:02:58","slug":"7siff-2020","status":"publish","type":"page","link":"https:\/\/7siff.com\/en\/7siff-2020\/","title":{"rendered":"7SIFF 2020"},"content":{"rendered":"<div class=\"vc_row wpb_row vc_row-fluid\"><div class=\"wpb_column vc_column_container vc_col-sm-12\"><div class=\"vc_column-inner\"><div class=\"wpb_wrapper\"><div class=\"vc_empty_space\"   style=\"height: 60px\"><span class=\"vc_empty_space_inner\"><\/span><\/div><div id=\"ultimate-heading-130869ef3479d32bf\" class=\"uvc-heading ult-adjust-bottom-margin ultimate-heading-130869ef3479d32bf uvc-7952  uvc-heading-default-font-sizes\" data-hspacer=\"no_spacer\"  data-halign=\"center\" style=\"text-align:center\"><div class=\"uvc-heading-spacer no_spacer\" style=\"top\"><\/div><div class=\"uvc-main-heading ult-responsive\"  data-ultimate-target='.uvc-heading.ultimate-heading-130869ef3479d32bf h2'  data-responsive-json-new='{\"font-size\":\"\",\"line-height\":\"\"}' ><h2 style=\"--font-weight:theme;\">Ganadoras 2020<\/h2><\/div><div class=\"uvc-sub-heading ult-responsive\"  data-ultimate-target='.uvc-heading.ultimate-heading-130869ef3479d32bf .uvc-sub-heading '  data-responsive-json-new='{\"font-size\":\"\",\"line-height\":\"\"}'  style=\"font-weight:normal;\"><\/p>\n<p style=\"font-weight: 400; text-align: center;\">will get<\/p>\n<p style=\"font-weight: 400; text-align: center;\"><b>ENJOY<\/b><\/p>\n<p style=\"text-align: center;\">&nbsp;<\/p>\n<p style=\"font-weight: 400; text-align: center;\"><span style=\"font-weight: 400;\">MEJOR PEL\u00cdCULA ARGENTINA<\/span><\/p>\n<p style=\"font-weight: 400; text-align: center;\"><b>PELOS<\/b><\/p>\n<p style=\"text-align: center;\">&nbsp;<\/p>\n<p style=\"font-weight: 400; text-align: center;\"><span style=\"font-weight: 400;\">MEJOR PEL\u00cdCULA EXTRANJERA<\/span><\/p>\n<p style=\"font-weight: 400; text-align: center;\"><b>ENJOY<\/b><\/p>\n<p style=\"text-align: center;\"><br style=\"font-weight: 400;\"><br style=\"font-weight: 400;\"><\/p>\n<p style=\"font-weight: 400; text-align: center;\"><span style=\"font-weight: 400;\">MEJOR PEL\u00cdCULA UNIVERSITARIA<\/span><\/p>\n<p style=\"font-weight: 400; text-align: center;\"><b>D\u00cdAS<\/b><\/p>\n<p style=\"font-weight: 400; text-align: center;\"><b>CADENA DE FR\u00cdO<\/b><\/p>\n<p style=\"text-align: center;\"><br style=\"font-weight: 400;\"><br style=\"font-weight: 400;\"><\/p>\n<p style=\"font-weight: 400; text-align: center;\"><span style=\"font-weight: 400;\">PREMIO DEL P\u00daBLICO<\/span><\/p>\n<p style=\"font-weight: 400; text-align: center;\"><b>CONFESI\u00d3N<\/b><\/p>\n<p style=\"text-align: center;\"><br style=\"font-weight: 400;\"><br style=\"font-weight: 400;\"><\/p>\n<p style=\"font-weight: 400; text-align: center;\"><span style=\"font-weight: 400;\">MEJOR DIRECCI\u00d3N<\/span><\/p>\n<p style=\"font-weight: 400; text-align: center;\"><b>SOMATIZADA<\/b><\/p>\n<p style=\"text-align: center;\">&nbsp;<\/p>\n<p style=\"font-weight: 400; text-align: center;\"><span style=\"font-weight: 400;\">M\u00c1S DE 10 PLANOS<\/span><\/p>\n<p style=\"font-weight: 400; text-align: center;\"><b>LOOP<\/b><\/p>\n<p style=\"text-align: center;\">&nbsp;<\/p>\n<p style=\"font-weight: 400; text-align: center;\"><span style=\"font-weight: 400;\">PLANO SECUENCIA<\/span><\/p>\n<p style=\"font-weight: 400; text-align: center;\"><b>\u00bfTE PIDO UN KILO DE HELADO?<\/b><\/p>\n<p style=\"text-align: center;\">&nbsp;<\/p>\n<p style=\"font-weight: 400; text-align: center;\"><span style=\"font-weight: 400;\">MEJOR FOTOGRAF\u00cdA<\/span><\/p>\n<p style=\"font-weight: 400; text-align: center;\"><b>PASAJERO<\/b><\/p>\n<p style=\"text-align: center;\">&nbsp;<\/p>\n<p style=\"font-weight: 400; text-align: center;\"><span style=\"font-weight: 400;\">ANIMADA<\/span><\/p>\n<p style=\"font-weight: 400; text-align: center;\"><b>ENJOY<\/b><\/p>\n<p style=\"text-align: center;\">&nbsp;<\/p>\n<p style=\"font-weight: 400; text-align: center;\"><span style=\"font-weight: 400;\">SIN DI\u00c1LOGO<\/span><\/p>\n<p style=\"font-weight: 400; text-align: center;\"><b>SEA-DOM<\/b><\/p>\n<p style=\"text-align: center;\">&nbsp;<\/p>\n<p style=\"font-weight: 400; text-align: center;\"><span style=\"font-weight: 400;\">MEJOR EDICI\u00d3N<\/span><\/p>\n<p style=\"font-weight: 400; text-align: center;\"><b>LOOP<\/b><\/p>\n<p style=\"text-align: center;\">&nbsp;<\/p>\n<p style=\"font-weight: 400; text-align: center;\"><span style=\"font-weight: 400;\">MUSICAL<\/span><\/p>\n<p style=\"font-weight: 400; text-align: center;\"><b>EL VALS DE LOS MOSQUITOS<\/b><\/p>\n<p style=\"text-align: center;\"><br style=\"font-weight: 400;\"><br style=\"font-weight: 400;\"><\/p>\n<p style=\"font-weight: 400; text-align: center;\"><span style=\"font-weight: 400;\">MEJOR GUI\u00d3N<\/span><\/p>\n<p style=\"font-weight: 400; text-align: center;\"><b>HUEVO<\/b><\/p>\n<p style=\"text-align: center;\">&nbsp;<\/p>\n<p style=\"font-weight: 400; text-align: center;\"><span style=\"font-weight: 400;\">MEJOR DIRECCI\u00d3N DE ARTE<\/span><\/p>\n<p style=\"font-weight: 400; text-align: center;\"><b>NO SIGNAL<\/b><\/p>\n<p style=\"text-align: center;\">&nbsp;<\/p>\n<p style=\"font-weight: 400; text-align: center;\"><span style=\"font-weight: 400;\">FASHION FILM<\/span><\/p>\n<p style=\"font-weight: 400; text-align: center;\"><b>HAND<\/b><\/p>\n<p style=\"text-align: center;\">&nbsp;<\/p>\n<p style=\"font-weight: 400; text-align: center;\"><span style=\"font-weight: 400;\">FREESTYLE<\/span><\/p>\n<p style=\"font-weight: 400; text-align: center;\"><b>PELOS<\/b><\/p>\n<p style=\"text-align: center;\">&nbsp;<\/p>\n<p style=\"font-weight: 400; text-align: center;\"><span style=\"font-weight: 400;\">MEJOR SONIDO<\/span><\/p>\n<p style=\"font-weight: 400; text-align: center;\"><b>Dr. GIGANTE, O QUIR\u00d3PRATA<\/b><\/p>\n<p><\/div><\/div><div class=\"vc_empty_space\"   style=\"height: 60px\"><span class=\"vc_empty_space_inner\"><\/span><\/div><div id=\"ultimate-heading-690969ef3479d3369\" class=\"uvc-heading ult-adjust-bottom-margin ultimate-heading-690969ef3479d3369 uvc-8412  uvc-heading-default-font-sizes\" data-hspacer=\"no_spacer\"  data-halign=\"center\" style=\"text-align:center\"><div class=\"uvc-heading-spacer no_spacer\" style=\"top\"><\/div><div class=\"uvc-main-heading ult-responsive\"  data-ultimate-target='.uvc-heading.ultimate-heading-690969ef3479d3369 h2'  data-responsive-json-new='{\"font-size\":\"\",\"line-height\":\"\"}' ><h2 style=\"--font-weight:theme;\">Las pel\u00edculas m\u00e1s elegidas 2020<\/h2><\/div><\/div><div class=\"vc_empty_space\"   style=\"height: 30px\"><span class=\"vc_empty_space_inner\"><\/span><\/div><\/div><\/div><\/div><\/div><div class=\"vc_row wpb_row vc_row-fluid\"><div class=\"wpb_column vc_column_container vc_col-sm-4\"><div class=\"vc_column-inner\"><div class=\"wpb_wrapper\">\n\t<div class=\"wpb_video_widget wpb_content_element vc_clearfix   vc_video-aspect-ratio-169 vc_video-el-width-100 vc_video-align-center\" >\n\t\t<div class=\"wpb_wrapper\">\n\t\t\t\n\t\t\t<div class=\"wpb_video_wrapper\"><iframe loading=\"lazy\" title=\"Enjoy\" width=\"1200\" height=\"675\" src=\"https:\/\/www.youtube.com\/embed\/6ErdF0QITJA?list=PLqj1jAr9oi5fRIKlyoUAoykKqvOBwK844\" frameborder=\"0\" allow=\"accelerometer; autoplay; clipboard-write; encrypted-media; gyroscope; picture-in-picture\" allowfullscreen><\/iframe><\/div>\n\t\t<\/div>\n\t<\/div>\n<\/div><\/div><\/div><div class=\"wpb_column vc_column_container vc_col-sm-4\"><div class=\"vc_column-inner\"><div class=\"wpb_wrapper\">\n\t<div class=\"wpb_video_widget wpb_content_element vc_clearfix   vc_video-aspect-ratio-169 vc_video-el-width-100 vc_video-align-center\" >\n\t\t<div class=\"wpb_wrapper\">\n\t\t\t\n\t\t\t<div class=\"wpb_video_wrapper\"><iframe loading=\"lazy\" title=\"Pelos\" width=\"1200\" height=\"675\" src=\"https:\/\/www.youtube.com\/embed\/0I2-NMfdAxE?list=PLqj1jAr9oi5fRIKlyoUAoykKqvOBwK844\" frameborder=\"0\" allow=\"accelerometer; autoplay; clipboard-write; encrypted-media; gyroscope; picture-in-picture\" allowfullscreen><\/iframe><\/div>\n\t\t<\/div>\n\t<\/div>\n<\/div><\/div><\/div><div class=\"wpb_column vc_column_container vc_col-sm-4\"><div class=\"vc_column-inner\"><div class=\"wpb_wrapper\">\n\t<div class=\"wpb_video_widget wpb_content_element vc_clearfix   vc_video-aspect-ratio-169 vc_video-el-width-100 vc_video-align-left\" >\n\t\t<div class=\"wpb_wrapper\">\n\t\t\t\n\t\t\t<div class=\"wpb_video_wrapper\"><iframe loading=\"lazy\" title=\"Somatizada\" width=\"1200\" height=\"675\" src=\"https:\/\/www.youtube.com\/embed\/4DDf_e75bL8?list=PLqj1jAr9oi5fRIKlyoUAoykKqvOBwK844\" frameborder=\"0\" allow=\"accelerometer; autoplay; clipboard-write; encrypted-media; gyroscope; picture-in-picture\" allowfullscreen><\/iframe><\/div>\n\t\t<\/div>\n\t<\/div>\n<\/div><\/div><\/div><\/div><div class=\"vc_row wpb_row vc_row-fluid\"><div class=\"wpb_column vc_column_container vc_col-sm-12\"><div class=\"vc_column-inner\"><div class=\"wpb_wrapper\"><style>.vc_btn3-style-gradient.vc_btn-gradient-btn-69ef3479d5a52:hover{color: #fff;background-color: #b97ebb;border: none;background-position: 100% 0;}<\/style><style>.vc_btn3-style-gradient.vc_btn-gradient-btn-69ef3479d5a52{color: #fff;border: none;background-color: #fe6c61;background-image: -webkit-linear-gradient(left, #fe6c61 0%, #b97ebb 50%,#fe6c61 100%);background-image: linear-gradient(to right, #fe6c61 0%, #b97ebb 50%,#fe6c61 100%);-webkit-transition: all .2s ease-in-out;transition: all .2s ease-in-out;background-size: 200% 100%;}<\/style><div class=\"vc_btn3-container vc_btn3-inline\" ><a data-vc-gradient-1=\"#fe6c61\" data-vc-gradient-2=\"#b97ebb\" class=\"vc_general vc_btn3 vc_btn3-size-md vc_btn3-shape-rounded vc_btn3-style-gradient vc_btn-gradient-btn-69ef3479d5a52\" href=\"https:\/\/www.youtube.com\/playlist?list=PLqj1jAr9oi5fRIKlyoUAoykKqvOBwK844\" title=\"\">SEE MORE<\/a><\/div>\n\t<div class=\"wpb_text_column wpb_content_element\" >\n\t\t<div class=\"wpb_wrapper\">\n\t\t\t\n\t\t<\/div>\n\t<\/div>\n<\/div><\/div><\/div><\/div>","protected":false},"excerpt":{"rendered":"<p>Ganadoras 2020 GRAND PRIX ENJOY &nbsp; MEJOR PEL\u00cdCULA ARGENTINA PELOS &nbsp; MEJOR PEL\u00cdCULA EXTRANJERA ENJOY MEJOR PEL\u00cdCULA UNIVERSITARIA D\u00cdAS CADENA DE FR\u00cdO PREMIO DEL P\u00daBLICO CONFESI\u00d3N MEJOR DIRECCI\u00d3N SOMATIZADA &nbsp;&hellip;<\/p>","protected":false},"author":1,"featured_media":0,"parent":0,"menu_order":0,"comment_status":"closed","ping_status":"closed","template":"","meta":{"om_disable_all_campaigns":false,"_monsterinsights_skip_tracking":false,"_monsterinsights_sitenote_active":false,"_monsterinsights_sitenote_note":"","_monsterinsights_sitenote_category":0,"ngg_post_thumbnail":0,"footnotes":""},"class_list":["post-57611","page","type-page","status-publish","hentry","description-off"],"aioseo_notices":[],"_links":{"self":[{"href":"https:\/\/7siff.com\/en\/wp-json\/wp\/v2\/pages\/57611"}],"collection":[{"href":"https:\/\/7siff.com\/en\/wp-json\/wp\/v2\/pages"}],"about":[{"href":"https:\/\/7siff.com\/en\/wp-json\/wp\/v2\/types\/page"}],"author":[{"embeddable":true,"href":"https:\/\/7siff.com\/en\/wp-json\/wp\/v2\/users\/1"}],"replies":[{"embeddable":true,"href":"https:\/\/7siff.com\/en\/wp-json\/wp\/v2\/comments?post=57611"}],"version-history":[{"count":15,"href":"https:\/\/7siff.com\/en\/wp-json\/wp\/v2\/pages\/57611\/revisions"}],"predecessor-version":[{"id":59023,"href":"https:\/\/7siff.com\/en\/wp-json\/wp\/v2\/pages\/57611\/revisions\/59023"}],"wp:attachment":[{"href":"https:\/\/7siff.com\/en\/wp-json\/wp\/v2\/media?parent=57611"}],"curies":[{"name":"wp","href":"https:\/\/api.w.org\/{rel}","templated":true}]}}