{"id":57583,"date":"2022-04-24T16:00:50","date_gmt":"2022-04-24T16:00:50","guid":{"rendered":"http:\/\/7siff.com\/?page_id=57583"},"modified":"2026-02-08T23:59:49","modified_gmt":"2026-02-08T23:59:49","slug":"f-a-q","status":"publish","type":"page","link":"https:\/\/7siff.com\/en\/f-a-q\/","title":{"rendered":"F.A.Q."},"content":{"rendered":"<div class=\"vc_row wpb_row vc_row-fluid\"><div class=\"wpb_column vc_column_container vc_col-sm-12\"><div class=\"vc_column-inner\"><div class=\"wpb_wrapper\"><div  class=\"vc_toggle vc_toggle_default vc_toggle_color_default  vc_toggle_size_md vc_custom_1770595171654\"><div class=\"vc_toggle_title\"><h3 style=\"color: #474747;text-align: left;font-family:Roboto;font-weight:400;font-style:normal\" class=\"vc_custom_heading\" >When is the submission period?<\/h3><i class=\"vc_toggle_icon\"><\/i><\/div><div class=\"vc_toggle_content\"><p><span style=\"font-weight: 400; color: #333333;\">Podr\u00e1s presentar tus pel\u00edculas entre el 8 de febrero y el 2 de agosto de 2026. Encontrar\u00e1s el bot\u00f3n de \u00abInscribite ac\u00e1\u00bb en la Home de nuestra web.<\/span><\/p>\n<\/div><\/div><div  class=\"vc_toggle vc_toggle_default vc_toggle_color_default  vc_toggle_size_md vc_custom_1747784381891\"><div class=\"vc_toggle_title\"><h3 style=\"color: #474747;text-align: left;font-family:Roboto;font-weight:400;font-style:normal\" class=\"vc_custom_heading\" >How can I participate?<\/h3><i class=\"vc_toggle_icon\"><\/i><\/div><div class=\"vc_toggle_content\"><p><span style=\"font-weight: 400; color: #333333;\">Click on the \"Submit now\" button on the Home page of our website. It will take you to the Filmfreeway platform. There you will create a user, then in \"projects\" you will upload your films with all the requested info (mandatory items: Synopsis, Poster, Biography, photo and technical team).<\/span><\/p>\n<p>Once you have done this, go to our profile at filmfreeway.com\/7siff, click on \"Submit\", choose the film you want to enter, select the corresponding category, check out, confirm and that's it.<\/p>\n<p>Remember that the premiere is exclusive to the festival, meaning the film cannot be published or screened until after the festival (or, if not selected, until the official selection is announced).<\/p>\n<\/div><\/div><div  class=\"vc_toggle vc_toggle_default vc_toggle_color_default  vc_toggle_size_md vc_custom_1703091796331\"><div class=\"vc_toggle_title\"><h3 style=\"color: #474747;text-align: left;font-family:Roboto;font-weight:400;font-style:normal\" class=\"vc_custom_heading\" >Can I participate from any country?<\/h3><i class=\"vc_toggle_icon\"><\/i><\/div><div class=\"vc_toggle_content\"><p><span style=\"color: #333333;\">Yes, 7SIFF has both an Argentine and a Foreign Competition. You can submit your film from anywhere in the world.<\/span><\/p>\n<\/div><\/div><div  class=\"vc_toggle vc_toggle_default vc_toggle_color_default  vc_toggle_size_md vc_custom_1692997346298\"><div class=\"vc_toggle_title\"><h3 style=\"color: #5e5e5e;text-align: left;font-family:Roboto;font-weight:400;font-style:normal\" class=\"vc_custom_heading\" >Is it 7 seconds total?<\/h3><i class=\"vc_toggle_icon\"><\/i><\/div><div class=\"vc_toggle_content\"><p><span style=\"font-weight: 400; color: #333333;\">No, your movie must be 7 seconds long, but you also have 2 seconds for the title and 4 seconds for the credits. So in total it will be 13 seconds.<\/span><\/p>\n<\/div><\/div><div  class=\"vc_toggle vc_toggle_default vc_toggle_color_default  vc_toggle_size_md vc_custom_1750185619516\"><div class=\"vc_toggle_title\"><h3 style=\"color: #5e5e5e;text-align: left;font-family:Roboto;font-weight:400;font-style:normal\" class=\"vc_custom_heading\" >Can I submit a film in vertical format?<\/h3><i class=\"vc_toggle_icon\"><\/i><\/div><div class=\"vc_toggle_content\"><p><span style=\"font-weight: 400; color: #333333;\">The festival is screened in cinemas, so films must be in horizontal format. If, for aesthetic or narrative reasons, your film is vertical, please submit it with black bars on the sides.<\/span><\/p>\n<\/div><\/div><div  class=\"vc_toggle vc_toggle_default vc_toggle_color_default  vc_toggle_size_md vc_custom_1692997375043\"><div class=\"vc_toggle_title\"><h3 style=\"color: #353535;text-align: left;font-family:Roboto;font-weight:400;font-style:normal\" class=\"vc_custom_heading\" >Do the titles have to be on black screen, or can I overprint them on an image?<\/h3><i class=\"vc_toggle_icon\"><\/i><\/div><div class=\"vc_toggle_content\"><p><span style=\"font-weight: 400; color: #333333;\">Titles can have any design you want, they can be applied over any image you want, but be careful! Don't let the image behind them change the plot of your 7-second movie.<\/span><\/p>\n<\/div><\/div><div  class=\"vc_toggle vc_toggle_default vc_toggle_color_default  vc_toggle_size_md vc_custom_1692997400998\"><div class=\"vc_toggle_title\"><h3 style=\"color: #333333;text-align: left;font-family:Roboto;font-weight:400;font-style:normal\" class=\"vc_custom_heading\" >Can it be of any genre?<\/h3><i class=\"vc_toggle_icon\"><\/i><\/div><div class=\"vc_toggle_content\"><p><span style=\"font-weight: 400; color: #333333;\">Yes!<\/span><\/p>\n<\/div><\/div><div  class=\"vc_toggle vc_toggle_default vc_toggle_color_default  vc_toggle_size_md vc_custom_1692997438969\"><div class=\"vc_toggle_title\"><h3 style=\"color: #424242;text-align: left;font-family:Roboto;font-weight:400;font-style:normal\" class=\"vc_custom_heading\" >Can I submit more than one film?<\/h3><i class=\"vc_toggle_icon\"><\/i><\/div><div class=\"vc_toggle_content\"><p><span style=\"font-weight: 400; color: #333333;\">Yes, as many as you want.<\/span><\/p>\n<\/div><\/div><div  class=\"vc_toggle vc_toggle_default vc_toggle_color_default  vc_toggle_size_md vc_custom_1750185533294\"><div class=\"vc_toggle_title\"><h3 style=\"color: #424242;text-align: left;font-family:Roboto;font-weight:400;font-style:normal\" class=\"vc_custom_heading\" >Are there any technical requirements?<\/h3><i class=\"vc_toggle_icon\"><\/i><\/div><div class=\"vc_toggle_content\"><p><span style=\"font-weight: 400; color: #333333;\">Selected films will be screened in cinemas, so only horizontal works should be submitted. Regarding codecs and other specifications: if selected, we will request the film in 4K, at 24fps, with audio at -1dB. (Although this is not mandatory at the time of submission.)<\/span><\/p>\n<\/div><\/div><div  class=\"vc_toggle vc_toggle_default vc_toggle_color_default  vc_toggle_size_md vc_custom_1750185838368\"><div class=\"vc_toggle_title\"><h3 style=\"color: #424242;text-align: left;font-family:Roboto;font-weight:400;font-style:normal\" class=\"vc_custom_heading\" >Can I upload my film to social media or screen it?<\/h3><i class=\"vc_toggle_icon\"><\/i><\/div><div class=\"vc_toggle_content\"><p><span style=\"font-weight: 400; color: #333333;\">No, the premiere is exclusive to 7SIFF. Once the festival ends (or if your film is not selected), you may share it on any platform you wish.<\/span><\/p>\n<\/div><\/div><\/div><\/div><\/div><\/div><div class=\"vc_row wpb_row vc_row-fluid vc_custom_1705879534206 vc_row-has-fill\"><div class=\"wpb_column vc_column_container vc_col-sm-12\"><div class=\"vc_column-inner\"><div class=\"wpb_wrapper\"><div id=\"ultimate-heading-359069d296ec00ff5\" class=\"uvc-heading ult-adjust-bottom-margin ultimate-heading-359069d296ec00ff5 uvc-7681  uvc-heading-default-font-sizes\" data-hspacer=\"no_spacer\"  data-halign=\"center\" style=\"text-align:center\"><div class=\"uvc-heading-spacer no_spacer\" style=\"top\"><\/div><div class=\"uvc-main-heading ult-responsive\"  data-ultimate-target='.uvc-heading.ultimate-heading-359069d296ec00ff5 h2'  data-responsive-json-new='{\"font-size\":\"\",\"line-height\":\"\"}' ><h2 style=\"--font-weight:theme;\">For more information<\/h2><\/div><\/div><style>.vc_btn3-style-gradient.vc_btn-gradient-btn-69d296ec010c2:hover{color: #fff;background-color: #b97ebb;border: none;background-position: 100% 0;}<\/style><style>.vc_btn3-style-gradient.vc_btn-gradient-btn-69d296ec010c2{color: #fff;border: none;background-color: #fe6c61;background-image: -webkit-linear-gradient(left, #fe6c61 0%, #b97ebb 50%,#fe6c61 100%);background-image: linear-gradient(to right, #fe6c61 0%, #b97ebb 50%,#fe6c61 100%);-webkit-transition: all .2s ease-in-out;transition: all .2s ease-in-out;background-size: 200% 100%;}<\/style><div class=\"vc_btn3-container vc_btn3-center vc_custom_1682179151876\" ><a data-vc-gradient-1=\"#fe6c61\" data-vc-gradient-2=\"#b97ebb\" class=\"vc_general vc_btn3 vc_btn3-size-lg vc_btn3-shape-square vc_btn3-style-gradient vc_btn-gradient-btn-69d296ec010c2\" href=\"https:\/\/7siff.com\/en\/reglamento\/\" title=\"Rules\">RULES<\/a><\/div><\/div><\/div><\/div><\/div><!-- Row Backgrounds --><div class=\"upb_bg_img\" data-ultimate-bg=\"url(https:\/\/7siff.com\/wp-content\/uploads\/2024\/01\/Gradient-7.jpg)\" data-image-id=\"58901\" data-ultimate-bg-style=\"vcpb-default\" data-bg-img-repeat=\"repeat\" data-bg-img-size=\"cover\" data-bg-img-position=\"\" data-parallx_sense=\"30\" data-bg-override=\"full\" data-bg_img_attach=\"scroll\" data-upb-overlay-color=\"\" data-upb-bg-animation=\"\" data-fadeout=\"\" data-bg-animation=\"left-animation\" data-bg-animation-type=\"h\" data-animation-repeat=\"repeat\" data-fadeout-percentage=\"30\" data-parallax-content=\"\" data-parallax-content-sense=\"30\" data-row-effect-mobile-disable=\"true\" data-img-parallax-mobile-disable=\"true\" data-rtl=\"false\"  data-custom-vc-row=\"\"  data-vc=\"6.8.0\"  data-is_old_vc=\"\"  data-theme-support=\"\"   data-overlay=\"false\" data-overlay-color=\"\" data-overlay-pattern=\"\" data-overlay-pattern-opacity=\"\" data-overlay-pattern-size=\"\"    ><\/div>","protected":false},"excerpt":{"rendered":"<p>\u00bfCu\u00e1ndo es el per\u00edodo de inscripci\u00f3n?Podr\u00e1s presentar tus pel\u00edculas entre el 8 de febrero y el 2 de agosto de 2026. Encontrar\u00e1s el bot\u00f3n de \u00abInscribite ac\u00e1\u00bb en la Home&hellip;<\/p>","protected":false},"author":1,"featured_media":0,"parent":0,"menu_order":0,"comment_status":"closed","ping_status":"closed","template":"","meta":{"om_disable_all_campaigns":false,"_monsterinsights_skip_tracking":false,"_monsterinsights_sitenote_active":false,"_monsterinsights_sitenote_note":"","_monsterinsights_sitenote_category":0,"ngg_post_thumbnail":0,"footnotes":""},"class_list":["post-57583","page","type-page","status-publish","hentry","description-off"],"aioseo_notices":[],"_links":{"self":[{"href":"https:\/\/7siff.com\/en\/wp-json\/wp\/v2\/pages\/57583"}],"collection":[{"href":"https:\/\/7siff.com\/en\/wp-json\/wp\/v2\/pages"}],"about":[{"href":"https:\/\/7siff.com\/en\/wp-json\/wp\/v2\/types\/page"}],"author":[{"embeddable":true,"href":"https:\/\/7siff.com\/en\/wp-json\/wp\/v2\/users\/1"}],"replies":[{"embeddable":true,"href":"https:\/\/7siff.com\/en\/wp-json\/wp\/v2\/comments?post=57583"}],"version-history":[{"count":29,"href":"https:\/\/7siff.com\/en\/wp-json\/wp\/v2\/pages\/57583\/revisions"}],"predecessor-version":[{"id":59731,"href":"https:\/\/7siff.com\/en\/wp-json\/wp\/v2\/pages\/57583\/revisions\/59731"}],"wp:attachment":[{"href":"https:\/\/7siff.com\/en\/wp-json\/wp\/v2\/media?parent=57583"}],"curies":[{"name":"wp","href":"https:\/\/api.w.org\/{rel}","templated":true}]}}