{"id":57576,"date":"2022-04-24T15:42:36","date_gmt":"2022-04-24T15:42:36","guid":{"rendered":"http:\/\/7siff.com\/?page_id=57576"},"modified":"2025-05-19T19:09:36","modified_gmt":"2025-05-19T19:09:36","slug":"premios","status":"publish","type":"page","link":"https:\/\/7siff.com\/en\/premios\/","title":{"rendered":"PRIZES"},"content":{"rendered":"<div class=\"vc_row wpb_row vc_row-fluid vc_custom_1679505790704 vc_row-has-fill\"><div class=\"wpb_column vc_column_container vc_col-sm-12\"><div class=\"vc_column-inner\"><div class=\"wpb_wrapper\"><div class=\"vc_empty_space\"   style=\"height: 40px\"><span class=\"vc_empty_space_inner\"><\/span><\/div><div id=\"ultimate-heading-915969ef198d9374b\" class=\"uvc-heading ult-adjust-bottom-margin ultimate-heading-915969ef198d9374b uvc-5889  uvc-heading-default-font-sizes\" data-hspacer=\"no_spacer\"  data-halign=\"center\" style=\"text-align:center\"><div class=\"uvc-heading-spacer no_spacer\" style=\"top\"><\/div><div class=\"uvc-sub-heading ult-responsive\"  data-ultimate-target='.uvc-heading.ultimate-heading-915969ef198d9374b .uvc-sub-heading '  data-responsive-json-new='{\"font-size\":\"\",\"line-height\":\"\"}'  style=\"font-weight:normal;\"><\/p>\n<p style=\"text-align: center;\">GRAND PRIX winning movie <strong>will get<\/strong> the trophy and diploma.<br \/>\nEvery winning movie will get its diploma.<br \/>\nEvery movie in competition will be screened online.<br \/>\nWinning movies will be screened in Buenos Aires.<\/p>\n<p style=\"text-align: center;\"><strong>NEW!<\/strong><\/p>\n<p>Blackmagic Design presents: 2 DaVinci Resolve Studio licenses ($295 each) for the Best Mexican and Best Student categories.<\/p>\n<p>And more to come!<\/p>\n<p style=\"text-align: center;\"><strong>Please read terms and rules<\/strong><\/p>\n<p><\/div><\/div><div class=\"vc_empty_space\"   style=\"height: 40px\"><span class=\"vc_empty_space_inner\"><\/span><\/div>\n\t<div  class=\"wpb_single_image wpb_content_element vc_align_center\">\n\t\t\n\t\t<figure class=\"wpb_wrapper vc_figure\">\n\t\t\t<a href=\"https:\/\/www.blackmagicdesign.com\/products\" target=\"_self\"  class=\"vc_single_image-wrapper   vc_box_border_grey rollover\" data-large_image_width=\"1024\" data-large_image_height = \"457\"    data-pretty-share=\"facebook,twitter,pinterest,linkedin\"  ><img loading=\"lazy\" decoding=\"async\" width=\"300\" height=\"134\" src=\"https:\/\/7siff.com\/wp-content\/uploads\/2025\/05\/BMD-Logo-A-RGB-copia-300x134.png\" class=\"vc_single_image-img attachment-medium\" alt=\"\" title=\"BMD-Logo-A-RGB copia\" srcset=\"https:\/\/7siff.com\/wp-content\/uploads\/2025\/05\/BMD-Logo-A-RGB-copia-300x134.png 300w, https:\/\/7siff.com\/wp-content\/uploads\/2025\/05\/BMD-Logo-A-RGB-copia-1024x457.png 1024w, https:\/\/7siff.com\/wp-content\/uploads\/2025\/05\/BMD-Logo-A-RGB-copia-768x343.png 768w, https:\/\/7siff.com\/wp-content\/uploads\/2025\/05\/BMD-Logo-A-RGB-copia-1536x686.png 1536w, https:\/\/7siff.com\/wp-content\/uploads\/2025\/05\/BMD-Logo-A-RGB-copia-18x8.png 18w, https:\/\/7siff.com\/wp-content\/uploads\/2025\/05\/BMD-Logo-A-RGB-copia.png 1574w\" sizes=\"(max-width: 300px) 100vw, 300px\"  data-dt-location=\"https:\/\/7siff.com\/en\/premios\/bmd-logo-a-rgb-copia\/\" \/><\/a>\n\t\t<\/figure>\n\t<\/div>\n\n\t<div  class=\"wpb_single_image wpb_content_element vc_align_center\">\n\t\t\n\t\t<figure class=\"wpb_wrapper vc_figure\">\n\t\t\t<div class=\"vc_single_image-wrapper   vc_box_border_grey\"><img loading=\"lazy\" decoding=\"async\" width=\"2560\" height=\"1707\" src=\"https:\/\/7siff.com\/wp-content\/uploads\/2025\/01\/DSC3643-scaled.jpg\" class=\"vc_single_image-img attachment-full\" alt=\"\" title=\"_DSC3643\" srcset=\"https:\/\/7siff.com\/wp-content\/uploads\/2025\/01\/DSC3643-scaled.jpg 2560w, https:\/\/7siff.com\/wp-content\/uploads\/2025\/01\/DSC3643-300x200.jpg 300w, https:\/\/7siff.com\/wp-content\/uploads\/2025\/01\/DSC3643-1024x683.jpg 1024w, https:\/\/7siff.com\/wp-content\/uploads\/2025\/01\/DSC3643-768x512.jpg 768w, https:\/\/7siff.com\/wp-content\/uploads\/2025\/01\/DSC3643-1536x1024.jpg 1536w, https:\/\/7siff.com\/wp-content\/uploads\/2025\/01\/DSC3643-2048x1365.jpg 2048w, https:\/\/7siff.com\/wp-content\/uploads\/2025\/01\/DSC3643-18x12.jpg 18w\" sizes=\"(max-width: 2560px) 100vw, 2560px\"  data-dt-location=\"https:\/\/7siff.com\/en\/ganadoras-2024\/_dsc3643\/\" \/><\/div>\n\t\t<\/figure>\n\t<\/div>\n<\/div><\/div><\/div><\/div>","protected":false},"excerpt":{"rendered":"<p>La pel\u00edcula ganadora del GRAND PRIX ser\u00e1 beneficiada con el trofeo y diploma. Todas las pel\u00edculas ganadoras recibir\u00e1n su diploma. Todas las pel\u00edculas en competencia ser\u00e1n exhibidas en el festival.&hellip;<\/p>","protected":false},"author":1,"featured_media":0,"parent":0,"menu_order":0,"comment_status":"closed","ping_status":"closed","template":"","meta":{"om_disable_all_campaigns":false,"_monsterinsights_skip_tracking":false,"_monsterinsights_sitenote_active":false,"_monsterinsights_sitenote_note":"","_monsterinsights_sitenote_category":0,"ngg_post_thumbnail":0,"footnotes":""},"class_list":["post-57576","page","type-page","status-publish","hentry","description-off"],"aioseo_notices":[],"_links":{"self":[{"href":"https:\/\/7siff.com\/en\/wp-json\/wp\/v2\/pages\/57576"}],"collection":[{"href":"https:\/\/7siff.com\/en\/wp-json\/wp\/v2\/pages"}],"about":[{"href":"https:\/\/7siff.com\/en\/wp-json\/wp\/v2\/types\/page"}],"author":[{"embeddable":true,"href":"https:\/\/7siff.com\/en\/wp-json\/wp\/v2\/users\/1"}],"replies":[{"embeddable":true,"href":"https:\/\/7siff.com\/en\/wp-json\/wp\/v2\/comments?post=57576"}],"version-history":[{"count":24,"href":"https:\/\/7siff.com\/en\/wp-json\/wp\/v2\/pages\/57576\/revisions"}],"predecessor-version":[{"id":59559,"href":"https:\/\/7siff.com\/en\/wp-json\/wp\/v2\/pages\/57576\/revisions\/59559"}],"wp:attachment":[{"href":"https:\/\/7siff.com\/en\/wp-json\/wp\/v2\/media?parent=57576"}],"curies":[{"name":"wp","href":"https:\/\/api.w.org\/{rel}","templated":true}]}}